{"id":232619,"date":"2020-03-02T11:30:58","date_gmt":"2020-03-02T11:30:58","guid":{"rendered":"https:\/\/bodegaelpoblet.com\/?post_type=product&#038;p=232619"},"modified":"2025-07-29T04:48:28","modified_gmt":"2025-07-29T04:48:28","slug":"senorio-el-poblet-reserva-12","status":"publish","type":"product","link":"https:\/\/bodegaelpoblet.com\/en\/producto\/senorio-el-poblet-reserva-12\/","title":{"rendered":"Se\u00f1or\u00edo El poblet Reserva"},"content":{"rendered":"<p>[et_pb_section fb_built=&#8221;1&#8243; _builder_version=&#8221;4.2.2&#8243; custom_padding=&#8221;||0px|||&#8221;][et_pb_row _builder_version=&#8221;4.2.2&#8243; custom_padding=&#8221;0px||0px||false|false&#8221;][et_pb_column type=&#8221;4_4&#8243; _builder_version=&#8221;4.2.2&#8243;][et_pb_wc_breadcrumb _builder_version=&#8221;4.1&#8243; body_font_size=&#8221;16px&#8221;][\/et_pb_wc_breadcrumb][et_pb_wc_cart_notice _builder_version=&#8221;3.0.47&#8243;][\/et_pb_wc_cart_notice][\/et_pb_column][\/et_pb_row][\/et_pb_section][et_pb_section fb_built=&#8221;1&#8243; _builder_version=&#8221;4.2.2&#8243;][et_pb_row column_structure=&#8221;1_2,1_2&#8243; _builder_version=&#8221;4.2.2&#8243; custom_padding=&#8221;0px||||false|false&#8221;][et_pb_column type=&#8221;1_2&#8243; _builder_version=&#8221;4.2.2&#8243;][et_pb_wc_images force_fullwidth=&#8221;on&#8221; _builder_version=&#8221;4.2.2&#8243; background_enable_image=&#8221;off&#8221; custom_margin=&#8221;0px||||false|false&#8221; custom_margin_tablet=&#8221;0px||||false|false&#8221; custom_margin_phone=&#8221;0px||||false|false&#8221; custom_margin_last_edited=&#8221;on|phone&#8221; border_width_all_image=&#8221;0px&#8221;][\/et_pb_wc_images][\/et_pb_column][et_pb_column type=&#8221;1_2&#8243; _builder_version=&#8221;4.2.2&#8243;][et_pb_wc_title _builder_version=&#8221;4.3.2&#8243; header_font=&#8221;Amiri|700|||||||&#8221; header_text_align=&#8221;left&#8221;][\/et_pb_wc_title][et_pb_wc_description _builder_version=&#8221;4.1&#8243; body_font_size=&#8221;16px&#8221;][\/et_pb_wc_description][et_pb_wc_price _builder_version=&#8221;4.1&#8243; body_font=&#8221;|700|||||||&#8221; body_font_size=&#8221;28px&#8221;][\/et_pb_wc_price][et_pb_wc_add_to_cart _builder_version=&#8221;4.1&#8243;][\/et_pb_wc_add_to_cart][et_pb_wc_meta _builder_version=&#8221;4.2.2&#8243;][\/et_pb_wc_meta][\/et_pb_column][\/et_pb_row][\/et_pb_section][et_pb_section fb_built=&#8221;1&#8243; custom_padding_last_edited=&#8221;on|phone&#8221; _builder_version=&#8221;4.2.2&#8243; background_color=&#8221;#f7f7f7&#8243; custom_padding=&#8221;15px||10px||false|false&#8221; custom_padding_tablet=&#8221;&#8221; custom_padding_phone=&#8221;&#8221;][et_pb_row column_structure=&#8221;1_3,1_3,1_3&#8243; custom_padding_last_edited=&#8221;on|phone&#8221; _builder_version=&#8221;4.2.2&#8243; custom_padding=&#8221;||||false|false&#8221; custom_padding_tablet=&#8221;&#8221; custom_padding_phone=&#8221;&#8221;][et_pb_column type=&#8221;1_3&#8243; _builder_version=&#8221;4.2.2&#8243;][et_pb_blurb title=&#8221;\u00a1ENV\u00cdO GRATIS!&#8221; use_icon=&#8221;on&#8221; font_icon=&#8221;%%373%%&#8221; use_icon_font_size=&#8221;on&#8221; icon_font_size=&#8221;80px&#8221; _builder_version=&#8221;4.3.2&#8243; header_level=&#8221;h3&#8243; header_font=&#8221;|600|||||||&#8221; header_text_align=&#8221;center&#8221; body_font=&#8221;||||||||&#8221; body_text_align=&#8221;center&#8221; body_font_size=&#8221;15px&#8221;]Una vez confirmado el pago, el plazo de entrega es de 5 d\u00edas h\u00e1biles.[\/et_pb_blurb][\/et_pb_column][et_pb_column type=&#8221;1_3&#8243; _builder_version=&#8221;4.2.2&#8243;][et_pb_blurb title=&#8221;\u00bfTIENES DUDAS?&#8221; use_icon=&#8221;on&#8221; font_icon=&#8221;%%84%%&#8221; _builder_version=&#8221;4.2.2&#8243; header_level=&#8221;h3&#8243; header_font=&#8221;|600|||||||&#8221; header_text_align=&#8221;center&#8221; body_font=&#8221;||||||||&#8221; body_text_align=&#8221;center&#8221; body_font_size=&#8221;15px&#8221; custom_margin=&#8221;-18px||||false|false&#8221; custom_margin_tablet=&#8221;0px||||false|false&#8221; custom_margin_phone=&#8221;&#8221; custom_margin_last_edited=&#8221;on|desktop&#8221; custom_padding=&#8221;||||false|false&#8221;]Para cualquier duda o consulta puedes llamarnos al <a href=\"tel:\/\/0034962222320\" target=\"_blank\">(+34) 962 222 320<\/a> o escribirnos a\u00a0<a href=\"mailto:info@bodegaelpoblet.com\">info@bodegaelpoblet.com<\/a>[\/et_pb_blurb][\/et_pb_column][et_pb_column type=&#8221;1_3&#8243; _builder_version=&#8221;4.2.2&#8243;][et_pb_blurb title=&#8221;PAGO SEGURO&#8221; use_icon=&#8221;on&#8221; font_icon=&#8221;%%93%%&#8221; use_icon_font_size=&#8221;on&#8221; icon_font_size=&#8221;80px&#8221; _builder_version=&#8221;4.2.2&#8243; header_level=&#8221;h3&#8243; header_font=&#8221;|600|||||||&#8221; header_text_align=&#8221;center&#8221; body_font=&#8221;||||||||&#8221; body_text_align=&#8221;center&#8221; body_font_size=&#8221;15px&#8221;]Tienda protegida con <strong>protocolo SSL<\/strong>.<br \/>\nPago Mediante Tarjeta de cr\u00e9dito<br \/>\n[\/et_pb_blurb][\/et_pb_column][\/et_pb_row][\/et_pb_section][et_pb_section fb_built=&#8221;1&#8243; _builder_version=&#8221;4.2.2&#8243;][et_pb_row _builder_version=&#8221;4.2.2&#8243;][et_pb_column type=&#8221;4_4&#8243; _builder_version=&#8221;4.2.2&#8243;][et_pb_text _builder_version=&#8221;4.2.2&#8243; text_font=&#8221;|600|||||||&#8221; text_text_color=&#8221;#f1b936&#8243; text_font_size=&#8221;30px&#8221; text_orientation=&#8221;center&#8221; custom_margin=&#8221;||||false|false&#8221; custom_margin_tablet=&#8221;&#8221; custom_margin_phone=&#8221;||9px||false|false&#8221; custom_margin_last_edited=&#8221;on|phone&#8221; custom_padding=&#8221;||||false|false&#8221; custom_padding_tablet=&#8221;&#8221; custom_padding_phone=&#8221;&#8221; custom_padding_last_edited=&#8221;on|phone&#8221; text_font_size_tablet=&#8221;&#8221; text_font_size_phone=&#8221;25px&#8221; text_font_size_last_edited=&#8221;on|phone&#8221; text_line_height_tablet=&#8221;&#8221; text_line_height_phone=&#8221;2em&#8221; text_line_height_last_edited=&#8221;on|phone&#8221;]Tambi\u00e9n te puede interesar[\/et_pb_text][et_pb_divider divider_weight=&#8221;5px&#8221; _builder_version=&#8221;4.2.2&#8243; width=&#8221;30%&#8221; width_tablet=&#8221;50%&#8221; width_phone=&#8221;40%&#8221; width_last_edited=&#8221;on|desktop&#8221; module_alignment=&#8221;center&#8221;][\/et_pb_divider][\/et_pb_column][\/et_pb_row][et_pb_row column_structure=&#8221;1_2,1_2&#8243; _builder_version=&#8221;4.2.2&#8243;][et_pb_column type=&#8221;1_2&#8243; _builder_version=&#8221;4.2.2&#8243;][et_pb_image src=&#8221;https:\/\/bodegaelpoblet.com\/wp-content\/uploads\/2020\/01\/Vino-Joven-Bodega-El-Poble2t.jpg&#8221; url=&#8221;https:\/\/bodegaelpoblet.com\/producto\/senorio-el-poblet-joven\/&#8221; align=&#8221;center&#8221; _builder_version=&#8221;4.2.2&#8243; width=&#8221;80%&#8221; width_tablet=&#8221;70%&#8221; width_phone=&#8221;&#8221; width_last_edited=&#8221;on|phone&#8221; locked=&#8221;off&#8221;][\/et_pb_image][et_pb_text _builder_version=&#8221;4.2.2&#8243; text_font=&#8221;Amiri||||||||&#8221; text_text_color=&#8221;#f1b936&#8243; text_font_size=&#8221;25px&#8221; header_2_font=&#8221;Amiri|600|||||||&#8221; header_2_text_align=&#8221;center&#8221; header_2_text_color=&#8221;#f1b936&#8243; header_2_font_size=&#8221;30px&#8221; text_orientation=&#8221;center&#8221; custom_margin_tablet=&#8221;||15px||false|false&#8221; custom_margin_phone=&#8221;||15px||false|false&#8221; custom_margin_last_edited=&#8221;on|phone&#8221; link_option_url=&#8221;https:\/\/bodegaelpoblet.com\/producto\/senorio-el-poblet-joven\/&#8221; text_font_size_tablet=&#8221;23px&#8221; text_font_size_phone=&#8221;20px&#8221; text_font_size_last_edited=&#8221;on|phone&#8221; header_2_font_size_tablet=&#8221;25px&#8221; header_2_font_size_phone=&#8221;25px&#8221; header_2_font_size_last_edited=&#8221;on|phone&#8221; locked=&#8221;off&#8221;]Se\u00f1or\u00edo El Poblet<\/p>\n<h2>VINO JOVEN<\/h2>\n<p>[\/et_pb_text][et_pb_button button_url=&#8221;https:\/\/bodegaelpoblet.com\/producto\/senorio-el-poblet-joven\/&#8221; button_text=&#8221;Ver&#8221; button_alignment=&#8221;center&#8221; _builder_version=&#8221;4.2.2&#8243; custom_button=&#8221;on&#8221; button_text_color=&#8221;#323232&#8243; locked=&#8221;off&#8221;][\/et_pb_button][\/et_pb_column][et_pb_column type=&#8221;1_2&#8243; _builder_version=&#8221;4.2.2&#8243;][et_pb_image src=&#8221;https:\/\/bodegaelpoblet.com\/wp-content\/uploads\/2020\/01\/Botella-de-Aceite-de-Oliba-Virgen-Extra-Bodega-El-Poblet2.jpg&#8221; url=&#8221;https:\/\/bodegaelpoblet.com\/producto\/aceite-de-oliva-virgen-extra-500-ml\/&#8221; show_bottom_space=&#8221;off&#8221; align=&#8221;center&#8221; _builder_version=&#8221;4.2.2&#8243; width=&#8221;60%&#8221; width_tablet=&#8221;50%&#8221; width_phone=&#8221;70%&#8221; width_last_edited=&#8221;on|desktop&#8221; custom_padding=&#8221;100px||||false|false&#8221; custom_padding_tablet=&#8221;30px||||false|false&#8221; custom_padding_phone=&#8221;30px||||false|false&#8221; custom_padding_last_edited=&#8221;on|tablet&#8221; locked=&#8221;off&#8221;][\/et_pb_image][et_pb_text _builder_version=&#8221;4.2.2&#8243; text_font=&#8221;Amiri||||||||&#8221; text_text_color=&#8221;#f1b936&#8243; text_font_size=&#8221;30px&#8221; header_font=&#8221;Amiri||||||||&#8221; header_2_font=&#8221;Amiri|600|||||||&#8221; header_2_text_align=&#8221;center&#8221; header_2_text_color=&#8221;#f1b936&#8243; header_2_font_size=&#8221;23px&#8221; header_3_font=&#8221;Amiri||||||||&#8221; header_3_text_align=&#8221;center&#8221; header_3_text_color=&#8221;#f1b936&#8243; header_3_font_size=&#8221;35px&#8221; text_orientation=&#8221;center&#8221; custom_margin_tablet=&#8221;15px||10px||false|false&#8221; custom_margin_phone=&#8221;||||false&#8221; custom_margin_last_edited=&#8221;on|phone&#8221; custom_padding=&#8221;30px||||false|false&#8221; link_option_url=&#8221;https:\/\/bodegaelpoblet.com\/producto\/aceite-de-oliva-virgen-extra-500-ml\/&#8221; header_2_font_size_tablet=&#8221;23px&#8221; header_2_font_size_phone=&#8221;21px&#8221; header_2_font_size_last_edited=&#8221;on|phone&#8221; locked=&#8221;off&#8221;]<\/p>\n<h2>ACEITE DE OLIVA<br \/>\nVIRGEN EXTRA<\/h2>\n<p>[\/et_pb_text][et_pb_button button_url=&#8221;https:\/\/bodegaelpoblet.com\/producto\/aceite-de-oliva-virgen-extra-500-ml\/&#8221; button_text=&#8221;Ver&#8221; button_alignment=&#8221;center&#8221; _builder_version=&#8221;4.2.2&#8243; custom_button=&#8221;on&#8221; button_text_color=&#8221;#323232&#8243; locked=&#8221;off&#8221;][\/et_pb_button][\/et_pb_column][\/et_pb_row][\/et_pb_section]<\/p>\n","protected":false},"excerpt":{"rendered":"<p>Envejecido 1 a\u00f1o en barrica de roble franc\u00e9s y h\u00fangaro. Tiene que servirse despu\u00e9s de una cuidadosa decantaci\u00f3n.<\/p>\n<p>Se destaca los aromas de fruta madura. Vino intenso, con los poderosas aromas florales y hierbas arom\u00e1ticas del bosque mediterr\u00e1neo.<\/p>\n<p><span style=\"color: #f1b936\"><strong>Denominaci\u00f3n de origen protegida<\/strong><\/span><\/p>\n<p>Vino certificado por el Consejo Regulador de Vinos de la Denominaci\u00f3n de origen Valencia.<\/p>\n<p><span style=\"color: #f1b936\"><strong>Caracteristicas<\/strong>:<\/span><\/p>\n<div style=\"float: left;width: 45%\"><strong>Cepas<\/strong>: Tempranillo y Monastrell<br \/>\n<strong>Denominaci\u00f3n<\/strong>: Valencia<br \/>\n<strong>Capacidad<\/strong>: 750 ml<\/div>\n<div style=\"float: right;width: 45%\"><strong>Alcohol<\/strong>: 14% vol.<br \/>\n<strong>Clasificaci\u00f3n<\/strong>: Reserva 2014<br \/>\n<strong>Tipo de Vino<\/strong>: Tinto<\/div>\n<div style=\"clear: both\"><\/div>\n","protected":false},"featured_media":252,"template":"","meta":{"_et_pb_use_builder":"on","_et_pb_old_content":"","_et_gb_content_width":""},"product_cat":[19],"product_tag":[23],"_links":{"self":[{"href":"https:\/\/bodegaelpoblet.com\/en\/wp-json\/wp\/v2\/product\/232619"}],"collection":[{"href":"https:\/\/bodegaelpoblet.com\/en\/wp-json\/wp\/v2\/product"}],"about":[{"href":"https:\/\/bodegaelpoblet.com\/en\/wp-json\/wp\/v2\/types\/product"}],"wp:featuredmedia":[{"embeddable":true,"href":"https:\/\/bodegaelpoblet.com\/en\/wp-json\/wp\/v2\/media\/252"}],"wp:attachment":[{"href":"https:\/\/bodegaelpoblet.com\/en\/wp-json\/wp\/v2\/media?parent=232619"}],"wp:term":[{"taxonomy":"product_cat","embeddable":true,"href":"https:\/\/bodegaelpoblet.com\/en\/wp-json\/wp\/v2\/product_cat?post=232619"},{"taxonomy":"product_tag","embeddable":true,"href":"https:\/\/bodegaelpoblet.com\/en\/wp-json\/wp\/v2\/product_tag?post=232619"}],"curies":[{"name":"wp","href":"https:\/\/api.w.org\/{rel}","templated":true}]}}