{"id":233005,"date":"2024-12-13T11:15:28","date_gmt":"2024-12-13T11:15:28","guid":{"rendered":"https:\/\/bodegaelpoblet.com\/?post_type=product&#038;p=233005"},"modified":"2025-09-12T05:32:27","modified_gmt":"2025-09-12T05:32:27","slug":"aceite-de-oliva-virgen-extra-2l","status":"publish","type":"product","link":"https:\/\/bodegaelpoblet.com\/en\/producto\/aceite-de-oliva-virgen-extra-2l\/","title":{"rendered":"Aceite de Oliva Virgen Extra 2L"},"content":{"rendered":"<p>[et_pb_section fb_built=&#8221;1&#8243; _builder_version=&#8221;4.2.2&#8243; custom_padding=&#8221;||0px|||&#8221; global_colors_info=&#8221;{}&#8221;][et_pb_row _builder_version=&#8221;4.2.2&#8243; custom_padding=&#8221;0px||0px||false|false&#8221; global_colors_info=&#8221;{}&#8221;][et_pb_column type=&#8221;4_4&#8243; _builder_version=&#8221;4.2.2&#8243; global_colors_info=&#8221;{}&#8221;][et_pb_wc_breadcrumb _builder_version=&#8221;4.1&#8243; body_font_size=&#8221;16px&#8221; global_colors_info=&#8221;{}&#8221;][\/et_pb_wc_breadcrumb][et_pb_wc_cart_notice _builder_version=&#8221;3.0.47&#8243; global_colors_info=&#8221;{}&#8221;][\/et_pb_wc_cart_notice][\/et_pb_column][\/et_pb_row][\/et_pb_section][et_pb_section fb_built=&#8221;1&#8243; _builder_version=&#8221;4.2.2&#8243; global_colors_info=&#8221;{}&#8221;][et_pb_row column_structure=&#8221;1_2,1_2&#8243; _builder_version=&#8221;4.2.2&#8243; custom_padding=&#8221;0px||||false|false&#8221; global_colors_info=&#8221;{}&#8221;][et_pb_column type=&#8221;1_2&#8243; _builder_version=&#8221;4.2.2&#8243; global_colors_info=&#8221;{}&#8221;][et_pb_wc_images force_fullwidth=&#8221;on&#8221; _builder_version=&#8221;4.2.2&#8243; background_enable_image=&#8221;off&#8221; custom_margin=&#8221;0px||||false|false&#8221; custom_margin_tablet=&#8221;0px||||false|false&#8221; custom_margin_phone=&#8221;0px||||false|false&#8221; custom_margin_last_edited=&#8221;on|phone&#8221; border_width_all_image=&#8221;0px&#8221; global_colors_info=&#8221;{}&#8221;][\/et_pb_wc_images][\/et_pb_column][et_pb_column type=&#8221;1_2&#8243; _builder_version=&#8221;4.2.2&#8243; global_colors_info=&#8221;{}&#8221;][et_pb_wc_title _builder_version=&#8221;4.3.2&#8243; header_font=&#8221;Amiri|700|||||||&#8221; header_text_align=&#8221;left&#8221; global_colors_info=&#8221;{}&#8221;][\/et_pb_wc_title][et_pb_wc_description _builder_version=&#8221;4.3.2&#8243; body_font_size=&#8221;15px&#8221; global_colors_info=&#8221;{}&#8221;][\/et_pb_wc_description][et_pb_wc_price _builder_version=&#8221;4.1&#8243; body_font=&#8221;|700|||||||&#8221; body_font_size=&#8221;28px&#8221; global_colors_info=&#8221;{}&#8221;][\/et_pb_wc_price][et_pb_wc_add_to_cart _builder_version=&#8221;4.1&#8243; global_colors_info=&#8221;{}&#8221;][\/et_pb_wc_add_to_cart][et_pb_wc_meta _builder_version=&#8221;4.2.2&#8243; global_colors_info=&#8221;{}&#8221;][\/et_pb_wc_meta][\/et_pb_column][\/et_pb_row][et_pb_row _builder_version=&#8221;4.3.2&#8243; global_colors_info=&#8221;{}&#8221;][et_pb_column type=&#8221;4_4&#8243; _builder_version=&#8221;4.3.2&#8243; global_colors_info=&#8221;{}&#8221;][et_pb_divider divider_weight=&#8221;5px&#8221; _builder_version=&#8221;4.2.2&#8243; width=&#8221;30%&#8221; width_tablet=&#8221;50%&#8221; width_phone=&#8221;40%&#8221; width_last_edited=&#8221;on|desktop&#8221; module_alignment=&#8221;center&#8221; global_colors_info=&#8221;{}&#8221;][\/et_pb_divider][et_pb_wc_description description_type=&#8221;description&#8221; _builder_version=&#8221;4.3.2&#8243; global_colors_info=&#8221;{}&#8221;][\/et_pb_wc_description][\/et_pb_column][\/et_pb_row][\/et_pb_section][et_pb_section fb_built=&#8221;1&#8243; custom_padding_last_edited=&#8221;on|phone&#8221; _builder_version=&#8221;4.2.2&#8243; background_color=&#8221;#f7f7f7&#8243; custom_padding=&#8221;15px||10px||false|false&#8221; custom_padding_tablet=&#8221;&#8221; custom_padding_phone=&#8221;&#8221; global_colors_info=&#8221;{}&#8221;][et_pb_row column_structure=&#8221;1_3,1_3,1_3&#8243; custom_padding_last_edited=&#8221;on|phone&#8221; _builder_version=&#8221;4.2.2&#8243; custom_padding=&#8221;||||false|false&#8221; custom_padding_tablet=&#8221;&#8221; custom_padding_phone=&#8221;&#8221; global_colors_info=&#8221;{}&#8221;][et_pb_column type=&#8221;1_3&#8243; _builder_version=&#8221;4.2.2&#8243; global_colors_info=&#8221;{}&#8221;][et_pb_blurb title=&#8221;\u00a1ENV\u00cdO GRATIS!&#8221; use_icon=&#8221;on&#8221; font_icon=&#8221;&#xe60d;||divi||400&#8243; image_icon_width=&#8221;80px&#8221; _builder_version=&#8221;4.13.1&#8243; header_level=&#8221;h3&#8243; header_font=&#8221;|600|||||||&#8221; header_text_align=&#8221;center&#8221; header_line_height=&#8221;1.1em&#8221; body_font=&#8221;||||||||&#8221; body_text_align=&#8221;center&#8221; body_font_size=&#8221;15px&#8221; hover_enabled=&#8221;0&#8243; icon_font_size=&#8221;80px&#8221; global_colors_info=&#8221;{}&#8221; sticky_enabled=&#8221;0&#8243;]<\/p>\n<p>Para pedidos superiores a 100\u20ac. El plazo de entrega es de 24-72 horas tras la confirmaci\u00f3n del pago<\/p>\n<p>[\/et_pb_blurb][\/et_pb_column][et_pb_column type=&#8221;1_3&#8243; _builder_version=&#8221;4.2.2&#8243; global_colors_info=&#8221;{}&#8221;][et_pb_blurb title=&#8221;\u00bfTIENES DUDAS?&#8221; use_icon=&#8221;on&#8221; font_icon=&#8221;&#x75;||divi||400&#8243; _builder_version=&#8221;4.13.1&#8243; header_level=&#8221;h3&#8243; header_font=&#8221;|600|||||||&#8221; header_text_align=&#8221;center&#8221; body_font=&#8221;||||||||&#8221; body_text_align=&#8221;center&#8221; body_font_size=&#8221;15px&#8221; custom_margin=&#8221;-18px||||false|false&#8221; custom_margin_tablet=&#8221;0px||||false|false&#8221; custom_margin_phone=&#8221;&#8221; custom_margin_last_edited=&#8221;on|desktop&#8221; custom_padding=&#8221;||||false|false&#8221; global_colors_info=&#8221;{}&#8221;]<\/p>\n<p><span>Para cualquier duda o consulta puedes llamarnos al <a href=\"tel:\/\/0034651672286\" target=\"_blank\">(+34) 651 67 22\u00a086<\/a> o escribirnos a\u00a0<\/span><a href=\"mailto:info@bodegaelpoblet.com\">info@bodegaelpoblet.com<\/a><\/p>\n<p>[\/et_pb_blurb][\/et_pb_column][et_pb_column type=&#8221;1_3&#8243; _builder_version=&#8221;4.2.2&#8243; global_colors_info=&#8221;{}&#8221;][et_pb_blurb title=&#8221;PAGO SEGURO&#8221; use_icon=&#8221;on&#8221; font_icon=&#8221;&#x7e;||divi||400&#8243; image_icon_width=&#8221;80px&#8221; _builder_version=&#8221;4.13.0&#8243; header_level=&#8221;h3&#8243; header_font=&#8221;|600|||||||&#8221; header_text_align=&#8221;center&#8221; body_font=&#8221;||||||||&#8221; body_text_align=&#8221;center&#8221; body_font_size=&#8221;15px&#8221; icon_font_size=&#8221;80px&#8221; global_colors_info=&#8221;{}&#8221;]Tienda protegida con <strong>protocolo SSL<\/strong>.<br \/>\nPago Mediante Tarjeta de cr\u00e9dito<br \/>\n[\/et_pb_blurb][\/et_pb_column][\/et_pb_row][\/et_pb_section][et_pb_section fb_built=&#8221;1&#8243; _builder_version=&#8221;4.2.2&#8243; global_colors_info=&#8221;{}&#8221;][et_pb_row _builder_version=&#8221;4.2.2&#8243; global_colors_info=&#8221;{}&#8221;][et_pb_column type=&#8221;4_4&#8243; _builder_version=&#8221;4.2.2&#8243; global_colors_info=&#8221;{}&#8221;][et_pb_text _builder_version=&#8221;4.2.2&#8243; text_font=&#8221;|600|||||||&#8221; text_text_color=&#8221;#f1b936&#8243; text_font_size=&#8221;30px&#8221; text_orientation=&#8221;center&#8221; custom_margin=&#8221;||||false|false&#8221; custom_margin_tablet=&#8221;&#8221; custom_margin_phone=&#8221;||9px||false|false&#8221; custom_margin_last_edited=&#8221;on|phone&#8221; custom_padding=&#8221;||||false|false&#8221; custom_padding_tablet=&#8221;&#8221; custom_padding_phone=&#8221;&#8221; custom_padding_last_edited=&#8221;on|phone&#8221; text_font_size_tablet=&#8221;&#8221; text_font_size_phone=&#8221;25px&#8221; text_font_size_last_edited=&#8221;on|phone&#8221; text_line_height_tablet=&#8221;&#8221; text_line_height_phone=&#8221;2em&#8221; text_line_height_last_edited=&#8221;on|phone&#8221; global_colors_info=&#8221;{}&#8221;]Tambi\u00e9n te puede interesar[\/et_pb_text][et_pb_divider divider_weight=&#8221;5px&#8221; _builder_version=&#8221;4.2.2&#8243; width=&#8221;30%&#8221; width_tablet=&#8221;50%&#8221; width_phone=&#8221;40%&#8221; width_last_edited=&#8221;on|desktop&#8221; module_alignment=&#8221;center&#8221; global_colors_info=&#8221;{}&#8221;][\/et_pb_divider][\/et_pb_column][\/et_pb_row][et_pb_row column_structure=&#8221;1_2,1_2&#8243; _builder_version=&#8221;4.2.2&#8243; locked=&#8221;off&#8221; global_colors_info=&#8221;{}&#8221;][et_pb_column type=&#8221;1_2&#8243; _builder_version=&#8221;4.2.2&#8243; global_colors_info=&#8221;{}&#8221;][et_pb_image src=&#8221;https:\/\/bodegaelpoblet.com\/wp-content\/uploads\/2020\/01\/Vino-Joven-Bodega-El-Poble2t.jpg&#8221; url=&#8221;https:\/\/bodegaelpoblet.com\/producto\/vino-senorio-el-poblet-joven-6\/&#8221; align=&#8221;center&#8221; _builder_version=&#8221;4.3.2&#8243; width=&#8221;80%&#8221; width_tablet=&#8221;70%&#8221; width_phone=&#8221;&#8221; width_last_edited=&#8221;on|phone&#8221; global_colors_info=&#8221;{}&#8221;][\/et_pb_image][et_pb_text _builder_version=&#8221;4.3.2&#8243; text_font=&#8221;Amiri||||||||&#8221; text_text_color=&#8221;#f1b936&#8243; text_font_size=&#8221;25px&#8221; header_2_font=&#8221;Amiri|600|||||||&#8221; header_2_text_align=&#8221;center&#8221; header_2_text_color=&#8221;#f1b936&#8243; header_2_font_size=&#8221;30px&#8221; text_orientation=&#8221;center&#8221; custom_margin_tablet=&#8221;||15px||false|false&#8221; custom_margin_phone=&#8221;||15px||false|false&#8221; custom_margin_last_edited=&#8221;on|phone&#8221; link_option_url=&#8221;https:\/\/bodegaelpoblet.com\/producto\/vino-senorio-el-poblet-joven-6\/&#8221; text_font_size_tablet=&#8221;23px&#8221; text_font_size_phone=&#8221;20px&#8221; text_font_size_last_edited=&#8221;on|phone&#8221; header_2_font_size_tablet=&#8221;25px&#8221; header_2_font_size_phone=&#8221;25px&#8221; header_2_font_size_last_edited=&#8221;on|phone&#8221; locked=&#8221;off&#8221; global_colors_info=&#8221;{}&#8221;]Se\u00f1or\u00edo El Poblet<\/p>\n<h2>VINO JOVEN<\/h2>\n<p>[\/et_pb_text][et_pb_button button_url=&#8221;https:\/\/bodegaelpoblet.com\/producto\/vino-senorio-el-poblet-joven-6\/&#8221; button_text=&#8221;Ver&#8221; button_alignment=&#8221;center&#8221; _builder_version=&#8221;4.3.2&#8243; custom_button=&#8221;on&#8221; button_text_color=&#8221;#323232&#8243; button_rel=&#8221;off|off|off|off|off&#8221; global_colors_info=&#8221;{}&#8221;][\/et_pb_button][\/et_pb_column][et_pb_column type=&#8221;1_2&#8243; _builder_version=&#8221;4.2.2&#8243; global_colors_info=&#8221;{}&#8221;][et_pb_image src=&#8221;https:\/\/bodegaelpoblet.com\/wp-content\/uploads\/2020\/01\/Vino-Reserva-Bodega-El-Poblet.2jpg.jpg&#8221; url=&#8221;https:\/\/bodegaelpoblet.com\/producto\/vino-senorio-el-poblet-reserva-6\/&#8221; align=&#8221;center&#8221; _builder_version=&#8221;4.3.2&#8243; width=&#8221;80%&#8221; width_tablet=&#8221;70%&#8221; width_phone=&#8221;&#8221; width_last_edited=&#8221;on|phone&#8221; global_colors_info=&#8221;{}&#8221;][\/et_pb_image][et_pb_text _builder_version=&#8221;4.3.2&#8243; text_font=&#8221;Amiri||||||||&#8221; text_text_color=&#8221;#f1b936&#8243; text_font_size=&#8221;25px&#8221; header_2_font=&#8221;Amiri|600|||||||&#8221; header_2_text_align=&#8221;center&#8221; header_2_text_color=&#8221;#f1b936&#8243; header_2_font_size=&#8221;30px&#8221; text_orientation=&#8221;center&#8221; custom_margin_tablet=&#8221;||15px||false|false&#8221; custom_margin_phone=&#8221;||15px||false|false&#8221; custom_margin_last_edited=&#8221;on|phone&#8221; link_option_url=&#8221;https:\/\/bodegaelpoblet.com\/producto\/vino-senorio-el-poblet-reserva-6\/&#8221; text_font_size_tablet=&#8221;23px&#8221; text_font_size_phone=&#8221;20px&#8221; text_font_size_last_edited=&#8221;on|phone&#8221; header_2_font_size_tablet=&#8221;25px&#8221; header_2_font_size_phone=&#8221;25px&#8221; header_2_font_size_last_edited=&#8221;on|phone&#8221; locked=&#8221;off&#8221; global_colors_info=&#8221;{}&#8221;]Se\u00f1or\u00edo El Poblet<\/p>\n<h2>RESERVA<\/h2>\n<p>[\/et_pb_text][et_pb_button button_url=&#8221;https:\/\/bodegaelpoblet.com\/producto\/vino-senorio-el-poblet-reserva-6\/&#8221; button_text=&#8221;Ver&#8221; button_alignment=&#8221;center&#8221; _builder_version=&#8221;4.3.2&#8243; custom_button=&#8221;on&#8221; button_text_color=&#8221;#323232&#8243; global_colors_info=&#8221;{}&#8221;][\/et_pb_button][\/et_pb_column][\/et_pb_row][\/et_pb_section]<\/p>\n","protected":false},"excerpt":{"rendered":"<h2>Aceite Ecol\u00f3gico Extracci\u00f3n en Fr\u00edo<\/h2>\n<p>Aceite de oliva virgen extra de categor\u00eda superior obtenido directamente de aceitunas ecol\u00f3gicas de la finca El Poblet s\u00f3lo mediante procedimientos mec\u00e1nicos, elaborado de manera artesanal<\/p>\n<p>El aceite de oliva de El Poblet es un aceite Virgen Extra, de primera extracci\u00f3n en fr\u00edo, por procedimientos exclusivamente mec\u00e1nicos en continuo ecol\u00f3gicos. Nuestro aceite est\u00e1 certificado ecol\u00f3gico (n\u00famero CV 1464) y nuestras aceitunas nunca han estado en contacto con pesticidas, herbicidas u otros productos antinaturales.<\/p>\n<p>El aceite de oliva virgen y extra virgen es un puro zumo de fruta natural, sin ning\u00fan aditivo de ning\u00fan tipo.<\/p>\n<p>&nbsp;<\/p>\n<h3><span style=\"color: #f1b936\">Variedad: Coupage Picual \/ Arbequina<\/span><\/h3>\n","protected":false},"featured_media":233006,"template":"","meta":{"_et_pb_use_builder":"on","_et_pb_old_content":"<h2>Descripci\u00f3n del producto<\/h2>\r\nSe trata de un aceite de oliva extra potente nariz por sus distintos aromas a manzana verde hojas de tomate y r\u00e1bano negro.\r\nEn boca, una sucesi\u00f3n de aromas y sabores que aparecen progresivamente: la dulzura de la avellana con ligeros toques de mantequilla, dando paso a la hoja de tomate y a la manzana verde, para llegar a lechuga verde y r\u00e1bano negro con matices de pimienta verde.\r\nHoy las intensidades del amargo y acidez son elevadas.\r\nEl picante potente y persistente ardor apreciable en el retrogusto, revela un contenido elevado en componentes fen\u00f3licos beneficiosos para la salud.\r\nSu estructura qu\u00edmica lo hace un excelente conservante.\r\n\r\nACIDEZ: 0,32\r\nINDICIO PEROXYDOS: 1,31\r\nK270: 0,13\r\nK232: 1,51\r\n\r\nFRUTADO VERDE: MEDIO\r\nAMARGO: MEDIO\r\nPICANTE: MEDIO\r\n\r\n<strong>PREPARACI\u00d3N OPERACI\u00d3N PRELIMINAR<\/strong>\r\n\r\nBuen maridaje tanto con pan fresco como tostadas.\r\nEn pasteler\u00eda: Para aromatizar la pasta y los postres.\r\nEn marinados: Tales como el carpaccio de carne, Vieira\u2026\r\nPincelar sobre carnes a la parrilla.\r\n\r\n<strong>APLICACI\u00d3N CULINARIA<\/strong>\r\n\r\nCon verduras cocidas como tomate, zanahoria, berenjena, calabac\u00edn, con legumbres (lentejas, guisadas\u2026), con papillote de pescado azules como el salm\u00f3n, el at\u00fan o la trucha.\r\nCon tartar de carne o pescado.\r\nCon las carnes blancas y rojas (cordero, buey, cerdo\u2026) y con las f\u00e9culas como la patata, la pasta o el arroz.\r\n\r\n<strong>OPERACI\u00d3N DE ACABADO<\/strong>\r\n\r\nPulverizado sobre el queso blanco.\r\nAli\u00f1ado de pasta, arroces pescados cocidos, pizzas, tambi\u00e9n sobre verduras cocidas, al vapor o a la plancha.\r\nInspirarse en la combinaci\u00f3n de sabores m\u00e1s arriba anunciados.\r\n\r\n<strong>DE UN TIEMPO A ESTA PARTE LOS ACEITES DE OLIVA VIRGEN HAN REBASADO ESCENARIO DE LA COCINA MEDITERR\u00c1NEA<\/strong>\r\n\r\nUn juego de fruta 100% natural que desaf\u00edo el tiempo\u2026\r\nUna producci\u00f3n de la cultura mediterr\u00e1nea.\r\nCon m\u00faltiples aplicaciones: Culinarias, dom\u00e9sticas, religiosas, terap\u00e9uticas, cosm\u00e9ticas.\r\nDemostrado cient\u00edficamente su bondad para la salud. El m\u00e1s rico de los aceites en \u00e1cido oleico (AGM\u2019) y bajo en \u00e1cidos grasos saturados.\r\nEfectos: reducci\u00f3n del colesterol malo (HDL) disminuci\u00f3n del riesgo de enfermedades card\u00edacas y coronarias. Reducci\u00f3n de la hipertensi\u00f3n y del consumo de insulina para una diabetes tipo ll, ayuda a combatir la arteriosclerosis. Rico en \u00e1cidos grasos esenciales (AGPI): omega 6 y omega 3.\r\n\r\nRico en antioxidantes: Vitamina E, K, fenoles como los secoiridoides, lignanos y flavonoides.\r\nEfectos: relentizaci\u00f3n del envejecimiento cut\u00e1neo, protecci\u00f3n contra ciertos c\u00e1nceres, como el de pecho, colon o pr\u00f3stata. Ayuda en el crecimiento \u00f3seo, en una coagulaci\u00f3n sangu\u00ednea, antimicrobiano, protecci\u00f3n inflamatoria.\r\nExclusivo por la influencia de las caracter\u00edsticas de cada variedad de aceituna, del terru\u00f1o, del despliegue de medios t\u00e9cnicos, humanos y financieros.\r\nAncestral en la alimentaci\u00f3n del hombre.\r\n\r\nReconocible por su estructura, por la equilibrada combinaci\u00f3n afrutada y por su intensidad.\r\nAtractivo para la cocina por la diversidad de sus cualidades organol\u00e9pticas.\r\nPara consumo tanto en crudo como en cocinado.\r\nUtil\u00edzalo en preparaciones culinarias, aplicaciones culinarias o como acabado de platos.","_et_gb_content_width":""},"product_cat":[22],"product_tag":[],"_links":{"self":[{"href":"https:\/\/bodegaelpoblet.com\/en\/wp-json\/wp\/v2\/product\/233005"}],"collection":[{"href":"https:\/\/bodegaelpoblet.com\/en\/wp-json\/wp\/v2\/product"}],"about":[{"href":"https:\/\/bodegaelpoblet.com\/en\/wp-json\/wp\/v2\/types\/product"}],"wp:featuredmedia":[{"embeddable":true,"href":"https:\/\/bodegaelpoblet.com\/en\/wp-json\/wp\/v2\/media\/233006"}],"wp:attachment":[{"href":"https:\/\/bodegaelpoblet.com\/en\/wp-json\/wp\/v2\/media?parent=233005"}],"wp:term":[{"taxonomy":"product_cat","embeddable":true,"href":"https:\/\/bodegaelpoblet.com\/en\/wp-json\/wp\/v2\/product_cat?post=233005"},{"taxonomy":"product_tag","embeddable":true,"href":"https:\/\/bodegaelpoblet.com\/en\/wp-json\/wp\/v2\/product_tag?post=233005"}],"curies":[{"name":"wp","href":"https:\/\/api.w.org\/{rel}","templated":true}]}}