{"id":233051,"date":"2025-02-19T15:15:26","date_gmt":"2025-02-19T15:15:26","guid":{"rendered":"https:\/\/bodegaelpoblet.com\/product\/senorio-el-poblet-gourmet-blanco\/"},"modified":"2025-12-05T10:30:43","modified_gmt":"2025-12-05T10:30:43","slug":"senorio-el-poblet-gourmet-blanco","status":"publish","type":"product","link":"https:\/\/bodegaelpoblet.com\/en\/product\/senorio-el-poblet-gourmet-blanco\/","title":{"rendered":"Se\u00f1or\u00edo El Poblet Gourmet Blanco"},"content":{"rendered":"","protected":false},"excerpt":{"rendered":"<p>Vino con car\u00e1cter mediterr\u00e1neo, de color amarillo pajizo y brillante con ribete acerado. en nariz , potencia del chardonnay y elegancia del moscatel, con aromas ligeros a vainilla.<\/p>\n<p>La fermentaci\u00f3n se realiza parcialmente en barrica y en acero inoxidable.<\/p>\n<p>Vino de boca elegante y de gran volumen.<\/p>\n<p><span style=\"color: #f1b936\"><strong>Denominaci\u00f3n de origen protegida<\/strong><\/span><\/p>\n<p>Vino certificado por el consejo regulador de vinos de la denominaci\u00f3n de origen.<\/p>\n<p><span style=\"color: #f1b936\"><strong>Caracteristicas<\/strong>:<\/span><\/p>\n<div style=\"float: left;width: 45%\"><strong>Cepas<\/strong>: 75%chardonnay \/ 25%moscatel<br \/>\n<strong>Servir entre<\/strong>: 12 y 14 \u00ba<br \/>\n<strong>Denominaci\u00f3n<\/strong>: valencia<br \/>\n<strong>Capacidad<\/strong>: 750 ml<\/div>\n<div style=\"float: right;width: 45%\"><strong>Alcohol<\/strong>: 13% vol.<br \/>\n<strong>Clasificaci\u00f3n<\/strong>: Vino Joven<br \/>\n<strong>Tipo de Vino<\/strong>: blanco<\/div>\n<div style=\"clear: both\"><\/div>\n","protected":false},"featured_media":233046,"template":"","meta":{"_et_pb_use_builder":"","_et_pb_old_content":"","_et_gb_content_width":""},"product_cat":[62,46],"product_tag":[48],"_links":{"self":[{"href":"https:\/\/bodegaelpoblet.com\/en\/wp-json\/wp\/v2\/product\/233051"}],"collection":[{"href":"https:\/\/bodegaelpoblet.com\/en\/wp-json\/wp\/v2\/product"}],"about":[{"href":"https:\/\/bodegaelpoblet.com\/en\/wp-json\/wp\/v2\/types\/product"}],"wp:featuredmedia":[{"embeddable":true,"href":"https:\/\/bodegaelpoblet.com\/en\/wp-json\/wp\/v2\/media\/233046"}],"wp:attachment":[{"href":"https:\/\/bodegaelpoblet.com\/en\/wp-json\/wp\/v2\/media?parent=233051"}],"wp:term":[{"taxonomy":"product_cat","embeddable":true,"href":"https:\/\/bodegaelpoblet.com\/en\/wp-json\/wp\/v2\/product_cat?post=233051"},{"taxonomy":"product_tag","embeddable":true,"href":"https:\/\/bodegaelpoblet.com\/en\/wp-json\/wp\/v2\/product_tag?post=233051"}],"curies":[{"name":"wp","href":"https:\/\/api.w.org\/{rel}","templated":true}]}}