{"id":232039,"date":"2020-02-08T07:45:10","date_gmt":"2020-02-08T07:45:10","guid":{"rendered":"https:\/\/bodegaelpoblet.com\/accueil\/"},"modified":"2022-08-05T16:51:09","modified_gmt":"2022-08-05T16:51:09","slug":"accueil","status":"publish","type":"page","link":"https:\/\/bodegaelpoblet.com\/fr\/","title":{"rendered":"Accueil"},"content":{"rendered":"<p>[et_pb_section fb_built=\u00a0\u00bb1&Prime; _builder_version=\u00a0\u00bb4.2.2&Prime; background_image=\u00a0\u00bbhttps:\/\/bodegaelpoblet.com\/wp-content\/uploads\/2020\/01\/Campos-de-uva-de-Bodega-El-Poblet.jpg\u00a0\u00bb custom_margin=\u00a0\u00bb||||false|false\u00a0\u00bb custom_padding=\u00a0\u00bb150px||150px||true|false\u00a0\u00bb global_colors_info=\u00a0\u00bb{}\u00a0\u00bb][et_pb_row _builder_version=\u00a0\u00bb4.2.2&Prime; global_colors_info=\u00a0\u00bb{}\u00a0\u00bb][et_pb_column type=\u00a0\u00bb4_4&Prime; _builder_version=\u00a0\u00bb4.2.2&Prime; global_colors_info=\u00a0\u00bb{}\u00a0\u00bb][et_pb_image src=\u00a0\u00bbhttps:\/\/bodegaelpoblet.com\/wp-content\/uploads\/2020\/01\/Logo-Bodega-El-Poblet-Grande.png\u00a0\u00bb align=\u00a0\u00bbcenter\u00a0\u00bb _builder_version=\u00a0\u00bb4.2.2&Prime; background_color=\u00a0\u00bbrgba(255,255,255,0.64)\u00a0\u00bb width=\u00a0\u00bb40%\u00a0\u00bb width_tablet=\u00a0\u00bb65%\u00a0\u00bb width_phone=\u00a0\u00bb80%\u00a0\u00bb width_last_edited=\u00a0\u00bbon|phone\u00a0\u00bb module_alignment=\u00a0\u00bbcenter\u00a0\u00bb custom_margin=\u00a0\u00bb||||false|false\u00a0\u00bb custom_padding=\u00a0\u00bb20px|30px|20px|30px|true|true\u00a0\u00bb global_colors_info=\u00a0\u00bb{}\u00a0\u00bb width__hover_enabled=\u00a0\u00bboff|hover\u00a0\u00bb][\/et_pb_image][\/et_pb_column][\/et_pb_row][\/et_pb_section][et_pb_section fb_built=\u00a0\u00bb1&Prime; custom_padding_last_edited=\u00a0\u00bbon|phone\u00a0\u00bb _builder_version=\u00a0\u00bb4.2.2&Prime; custom_padding=\u00a0\u00bb||||false|false\u00a0\u00bb custom_padding_tablet=\u00a0\u00bb||0px||false|false\u00a0\u00bb custom_padding_phone=\u00a0\u00bb||0px||false|false\u00a0\u00bb global_colors_info=\u00a0\u00bb{}\u00a0\u00bb][et_pb_row column_structure=\u00a0\u00bb1_2,1_2&Prime; _builder_version=\u00a0\u00bb4.2.2&Prime; max_width=\u00a0\u00bb1585px\u00a0\u00bb custom_padding=\u00a0\u00bb||0px||false|false\u00a0\u00bb global_colors_info=\u00a0\u00bb{}\u00a0\u00bb][et_pb_column type=\u00a0\u00bb1_2&Prime; _builder_version=\u00a0\u00bb4.2.2&Prime; global_colors_info=\u00a0\u00bb{}\u00a0\u00bb][et_pb_text _builder_version=\u00a0\u00bb4.2.2&Prime; header_text_color=\u00a0\u00bb#f1b936&Prime; header_font_size=\u00a0\u00bb50px\u00a0\u00bb header_2_font_size=\u00a0\u00bb45px\u00a0\u00bb custom_margin=\u00a0\u00bb||20px||false|false\u00a0\u00bb custom_margin_tablet=\u00a0\u00bb-25px||||false|false\u00a0\u00bb custom_margin_phone=\u00a0\u00bb-40px||||false|false\u00a0\u00bb custom_margin_last_edited=\u00a0\u00bbon|phone\u00a0\u00bb custom_padding=\u00a0\u00bb||||false|false\u00a0\u00bb header_font_size_tablet=\u00a0\u00bb\u00a0\u00bb header_font_size_phone=\u00a0\u00bb45px\u00a0\u00bb header_font_size_last_edited=\u00a0\u00bbon|phone\u00a0\u00bb global_colors_info=\u00a0\u00bb{}\u00a0\u00bb]<\/p>\n<h1>Bodega El Poblet<\/h1>\n<h2>La Finca<\/h2>\n<p>[\/et_pb_text][et_pb_image src=\u00a0\u00bbhttps:\/\/bodegaelpoblet.com\/wp-content\/uploads\/2020\/01\/21-princi-1020&#215;680-bodega-el-poblet-vino-calidad-aceite-oliva-premiun.jpg\u00a0\u00bb disabled_on=\u00a0\u00bboff|off|on\u00a0\u00bb _builder_version=\u00a0\u00bb4.2.2&Prime; global_colors_info=\u00a0\u00bb{}\u00a0\u00bb][\/et_pb_image][et_pb_text _builder_version=\u00a0\u00bb4.2.2&Prime; text_font=\u00a0\u00bbAmiri||||||||\u00a0\u00bb text_font_size=\u00a0\u00bb20px\u00a0\u00bb global_colors_info=\u00a0\u00bb{}\u00a0\u00bb]La Finca est une propri\u00e9t\u00e9 qui doit son nom ,El Poblet,au petit village qui entourait la maison principale.Cette grande batisse etait en effet accoll\u00e9e a des maisons plus petites,habit\u00e9es surtout par les journaliers qui travaillaient les terres du domaine.<\/p>\n<p>Elle est batie sur une bodega s\u00e9culaire,et son sous sol est perc\u00e9 de plusieurs galeries,avec de chaque cot\u00e9 des jarres de terre cuite enfoncees dans le sol,et de capacites de plusieurs milliers de litres chacune,qui servaient au vieillissement du vin,avant l\u2019arriv\u00e9e des barriques de ch\u00e8ne\u2026mais ceci est une autre histoire\u2026<\/p>\n<p>Ces installations sont centenaires et d\u00e9montrent que El Poblet fut depuis toujours une propriete vinicole.<br \/>\nLa maison est entour\u00e9e de son vignoble,de son oliveraie et de nombreux arbres fruitiers<br \/>\nEl Poblet est independant en eau et peut donc vivre quasi en autarcie!<br \/>\nLes produits de la Finca,huile d\u2019olive vierge extra ecologique et vins rouges sont comercialises sous le nom Se\u00f1orio El Poblet[\/et_pb_text][\/et_pb_column][et_pb_column type=\u00a0\u00bb1_2&Prime; _builder_version=\u00a0\u00bb4.2.2&Prime; global_colors_info=\u00a0\u00bb{}\u00a0\u00bb][et_pb_image src=\u00a0\u00bbhttps:\/\/bodegaelpoblet.com\/wp-content\/uploads\/2020\/01\/21-princi-1020&#215;680-bodega-el-poblet-vino-calidad-aceite-oliva-premiun.jpg\u00a0\u00bb disabled_on=\u00a0\u00bbon|on|off\u00a0\u00bb _builder_version=\u00a0\u00bb4.2.2&Prime; global_colors_info=\u00a0\u00bb{}\u00a0\u00bb][\/et_pb_image][\/et_pb_column][\/et_pb_row][\/et_pb_section][et_pb_section fb_built=\u00a0\u00bb1&Prime; custom_padding_last_edited=\u00a0\u00bbon|desktop\u00a0\u00bb _builder_version=\u00a0\u00bb4.2.2&Prime; custom_padding=\u00a0\u00bb||||false|false\u00a0\u00bb custom_padding_tablet=\u00a0\u00bb0px||0px||false|false\u00a0\u00bb custom_padding_phone=\u00a0\u00bb\u00a0\u00bb global_colors_info=\u00a0\u00bb{}\u00a0\u00bb][et_pb_row column_structure=\u00a0\u00bb1_3,1_3,1_3&Prime; use_custom_gutter=\u00a0\u00bbon\u00a0\u00bb gutter_width=\u00a0\u00bb4&Prime; _builder_version=\u00a0\u00bb4.13.1&Prime; max_width=\u00a0\u00bb2100px\u00a0\u00bb custom_padding=\u00a0\u00bb|||0px||\u00a0\u00bb locked=\u00a0\u00bboff\u00a0\u00bb global_colors_info=\u00a0\u00bb{}\u00a0\u00bb][et_pb_column type=\u00a0\u00bb1_3&Prime; _builder_version=\u00a0\u00bb4.2.2&Prime; global_colors_info=\u00a0\u00bb{}\u00a0\u00bb][et_pb_cta title=\u00a0\u00bbLogement %22La Casa%22.\u00a0\u00bb button_url=\u00a0\u00bbhttps:\/\/bodegaelpoblet.com\/fr\/la-casa\/\u00a0\u00bb button_text=\u00a0\u00bbVoir\u00a0\u00bb module_id=\u00a0\u00bbvinos de Fontanars\u00a0\u00bb _builder_version=\u00a0\u00bb4.13.1&Prime; header_font=\u00a0\u00bb|600|||||||\u00a0\u00bb header_text_color=\u00a0\u00bb#f1b936&Prime; background_color=\u00a0\u00bbrgba(50,50,50,0.55)\u00a0\u00bb background_image=\u00a0\u00bbhttps:\/\/bodegaelpoblet.com\/wp-content\/uploads\/2022\/08\/La-casa-en-alquiler.jpg\u00a0\u00bb background_blend=\u00a0\u00bbdarken\u00a0\u00bb button_alignment=\u00a0\u00bbcenter\u00a0\u00bb custom_padding=\u00a0\u00bb63px||63px||true|false\u00a0\u00bb custom_padding_tablet=\u00a0\u00bb\u00a0\u00bb custom_padding_phone=\u00a0\u00bb\u00a0\u00bb custom_padding_last_edited=\u00a0\u00bbon|phone\u00a0\u00bb hover_enabled=\u00a0\u00bb0&Prime; global_colors_info=\u00a0\u00bb{}\u00a0\u00bb sticky_enabled=\u00a0\u00bb0&Prime;]<\/p>\n<p>La Casa est notre h\u00e9bergement rural situ\u00e9 \u00e0 l&rsquo;int\u00e9rieur de notre domaine viticole. Entour\u00e9 d&rsquo;un environnement naturel unique, avec de magnifiques paysages naturels et une paix et une tranquillit\u00e9 incroyables, ce qui nous permet de profiter d&rsquo;un s\u00e9jour unique et merveilleux.<\/p>\n<p><span><\/span><\/p>\n<p>[\/et_pb_cta][\/et_pb_column][et_pb_column type=\u00a0\u00bb1_3&Prime; _builder_version=\u00a0\u00bb4.2.2&Prime; global_colors_info=\u00a0\u00bb{}\u00a0\u00bb][et_pb_cta title=\u00a0\u00bbVins de Fontanars\u00a0\u00bb button_url=\u00a0\u00bbhttps:\/\/bodegaelpoblet.com\/fr\/les-vins\/\u00a0\u00bb button_text=\u00a0\u00bbVoir\u00a0\u00bb module_id=\u00a0\u00bbvinos de Fontanars\u00a0\u00bb _builder_version=\u00a0\u00bb4.13.1&Prime; header_font=\u00a0\u00bb|600|||||||\u00a0\u00bb header_text_color=\u00a0\u00bb#f1b936&Prime; background_color=\u00a0\u00bbrgba(50,50,50,0.55)\u00a0\u00bb background_image=\u00a0\u00bbhttps:\/\/bodegaelpoblet.com\/wp-content\/uploads\/2020\/01\/cepa-de-vino-de-la-Bodega-El-Poblet.jpg\u00a0\u00bb background_blend=\u00a0\u00bbdarken\u00a0\u00bb button_alignment=\u00a0\u00bbcenter\u00a0\u00bb custom_padding=\u00a0\u00bb81px||81px||true|false\u00a0\u00bb hover_enabled=\u00a0\u00bb0&Prime; global_colors_info=\u00a0\u00bb{}\u00a0\u00bb sticky_enabled=\u00a0\u00bb0&Prime;]<\/p>\n<p>Nous faisons tous nos vins exclusivement \u00e0 partir de nos propres raisins, tr\u00e8s peu peuvent en dire autant. Il en r\u00e9sulte des vins naturels, frais, \u00e9labor\u00e9s consciencieusement, qui refl\u00e8tent tout le caract\u00e8re de notre terre.<\/p>\n<p>[\/et_pb_cta][\/et_pb_column][et_pb_column type=\u00a0\u00bb1_3&Prime; _builder_version=\u00a0\u00bb4.2.2&Prime; global_colors_info=\u00a0\u00bb{}\u00a0\u00bb][et_pb_cta title=\u00a0\u00bbHuile d&rsquo;olive vierge extra\u00a0\u00bb button_url=\u00a0\u00bbhttps:\/\/bodegaelpoblet.com\/fr\/lhuile\/\u00a0\u00bb button_text=\u00a0\u00bbVoir\u00a0\u00bb module_id=\u00a0\u00bbAceite de Oliva virgen extra\u00a0\u00bb _builder_version=\u00a0\u00bb4.13.1&Prime; header_font=\u00a0\u00bb|600|||||||\u00a0\u00bb header_text_color=\u00a0\u00bb#f1b936&Prime; background_color=\u00a0\u00bbrgba(50,50,50,0.55)\u00a0\u00bb background_image=\u00a0\u00bbhttps:\/\/bodegaelpoblet.com\/wp-content\/uploads\/2020\/01\/Saco-de-olivas-Bodega-El-Poblet.jpg\u00a0\u00bb background_blend=\u00a0\u00bbdarken\u00a0\u00bb button_alignment=\u00a0\u00bbcenter\u00a0\u00bb custom_padding=\u00a0\u00bb92px||92px||true|false\u00a0\u00bb hover_enabled=\u00a0\u00bb0&Prime; global_colors_info=\u00a0\u00bb{}\u00a0\u00bb sticky_enabled=\u00a0\u00bb0&Prime;]<\/p>\n<p>Notre huile d&rsquo;olive vierge extra biologique est issue d&rsquo;une culture contr\u00f4l\u00e9e et a obtenu le label Agriculture biologique de l&rsquo;Union europ\u00e9enne. Cela en fait un produit PREMIUM de haute qualit\u00e9.<\/p>\n<p>[\/et_pb_cta][\/et_pb_column][\/et_pb_row][\/et_pb_section][et_pb_section fb_built=\u00a0\u00bb1&Prime; custom_padding_last_edited=\u00a0\u00bbon|phone\u00a0\u00bb _builder_version=\u00a0\u00bb4.2.2&Prime; custom_margin=\u00a0\u00bb||||false|false\u00a0\u00bb custom_padding=\u00a0\u00bb||||false|false\u00a0\u00bb custom_padding_tablet=\u00a0\u00bb0px||||false|false\u00a0\u00bb custom_padding_phone=\u00a0\u00bb0px||||false|false\u00a0\u00bb global_colors_info=\u00a0\u00bb{}\u00a0\u00bb][et_pb_row column_structure=\u00a0\u00bb1_2,1_2&Prime; custom_padding_last_edited=\u00a0\u00bbon|tablet\u00a0\u00bb _builder_version=\u00a0\u00bb4.2.2&Prime; max_width=\u00a0\u00bb1585px\u00a0\u00bb custom_margin=\u00a0\u00bb||||false|false\u00a0\u00bb custom_padding=\u00a0\u00bb0px||||false|false\u00a0\u00bb custom_padding_tablet=\u00a0\u00bb\u00a0\u00bb custom_padding_phone=\u00a0\u00bb\u00a0\u00bb global_colors_info=\u00a0\u00bb{}\u00a0\u00bb][et_pb_column type=\u00a0\u00bb1_2&Prime; _builder_version=\u00a0\u00bb4.2.2&Prime; global_colors_info=\u00a0\u00bb{}\u00a0\u00bb][et_pb_image src=\u00a0\u00bbhttps:\/\/bodegaelpoblet.com\/wp-content\/uploads\/2020\/02\/La-Toscama-Espa\u00f1ola.jpg\u00a0\u00bb disabled_on=\u00a0\u00bbon|on|off\u00a0\u00bb _builder_version=\u00a0\u00bb4.2.2&Prime; global_colors_info=\u00a0\u00bb{}\u00a0\u00bb][\/et_pb_image][\/et_pb_column][et_pb_column type=\u00a0\u00bb1_2&Prime; _builder_version=\u00a0\u00bb4.2.2&Prime; global_colors_info=\u00a0\u00bb{}\u00a0\u00bb][et_pb_text _builder_version=\u00a0\u00bb4.2.2&Prime; header_text_color=\u00a0\u00bb#f1b936&Prime; header_font_size=\u00a0\u00bb50px\u00a0\u00bb header_2_text_color=\u00a0\u00bb#f1b936&Prime; header_2_font_size=\u00a0\u00bb45px\u00a0\u00bb custom_margin=\u00a0\u00bb||20px||false|false\u00a0\u00bb custom_margin_tablet=\u00a0\u00bb||||false|false\u00a0\u00bb custom_margin_phone=\u00a0\u00bb||||false|false\u00a0\u00bb custom_margin_last_edited=\u00a0\u00bbon|phone\u00a0\u00bb custom_padding=\u00a0\u00bb||||false|false\u00a0\u00bb header_font_size_tablet=\u00a0\u00bb\u00a0\u00bb header_font_size_phone=\u00a0\u00bb45px\u00a0\u00bb header_font_size_last_edited=\u00a0\u00bbon|phone\u00a0\u00bb global_colors_info=\u00a0\u00bb{}\u00a0\u00bb]<\/p>\n<h2>La Toscane Espagnole<\/h2>\n<p>[\/et_pb_text][et_pb_image src=\u00a0\u00bbhttps:\/\/bodegaelpoblet.com\/wp-content\/uploads\/2020\/02\/La-Toscama-Espa\u00f1ola.jpg\u00a0\u00bb disabled_on=\u00a0\u00bboff|off|on\u00a0\u00bb _builder_version=\u00a0\u00bb4.2.2&Prime; global_colors_info=\u00a0\u00bb{}\u00a0\u00bb][\/et_pb_image][et_pb_text _builder_version=\u00a0\u00bb4.2.2&Prime; text_font=\u00a0\u00bbAmiri||||||||\u00a0\u00bb text_font_size=\u00a0\u00bb20px\u00a0\u00bb global_colors_info=\u00a0\u00bb{}\u00a0\u00bb]C\u2019est ainsi que s\u2019appelle la regi\u00f3n de Fontanars dans la province de Valencia, entre Castilla Mancha a l\u2019ouest et Alicante au sud.<br \/>\nC\u2019est une large vallee,de type meditteraneen continental,ins\u00e9r\u00e9e entre deux sierras (montagnes),la sierra Grossa et la sierra d\u2019Agullent,\u00e0 une altitude de 650 metres en son point le plus bas et plus de 900 m dans son point le plus haut. Cette situation exceptionnelle confere a la region un micro climat unique.<\/p>\n<p>Le vent dominant est le Ponant,qui souffl\u00e9 de l\u2019ouest est tres sec car il a perdu une grande part de son humidit\u00e9 a traverser toute l\u2019espagne et ses hautes sierras.Quand le vent passe a l\u2019est,et ce n\u2019est pas souvent,l\u2019air plus humide qui vient de la meditterannee toute proche (60 km) amene avec lui fraicheur et,en saison (c\u2019est a dire au printemps et en fin d\u2019automne),quelques pluies.Les precipitations sont de l\u2019ordre de 525 mm.<\/p>\n<p>Le climat est donc generalement tres sec avec des hivers qui peuvent atteindre des temperatures tres fraiches (parfois proches des moins 10 degres la nuit)et des \u00e9t\u00e9s tres chauds le jour mais frais la nuit,a cause de l\u2019altitude.<br \/>\nOn ne peut rever de meilleures conditions pour la vigne et l\u2019olivier.[\/et_pb_text][\/et_pb_column][\/et_pb_row][\/et_pb_section]<\/p>\n","protected":false},"excerpt":{"rendered":"<p>Bodega El Poblet La FincaLa Finca est une propri\u00e9t\u00e9 qui doit son nom ,El Poblet,au petit village qui entourait la maison principale.Cette grande batisse etait en effet accoll\u00e9e a des maisons plus petites,habit\u00e9es surtout par les journaliers qui travaillaient les terres du domaine. Elle est batie sur une bodega s\u00e9culaire,et son sous sol est perc\u00e9 [&hellip;]<\/p>\n","protected":false},"author":1,"featured_media":0,"parent":0,"menu_order":0,"comment_status":"closed","ping_status":"closed","template":"","meta":{"_et_pb_use_builder":"on","_et_pb_old_content":"","_et_gb_content_width":""},"_links":{"self":[{"href":"https:\/\/bodegaelpoblet.com\/fr\/wp-json\/wp\/v2\/pages\/232039"}],"collection":[{"href":"https:\/\/bodegaelpoblet.com\/fr\/wp-json\/wp\/v2\/pages"}],"about":[{"href":"https:\/\/bodegaelpoblet.com\/fr\/wp-json\/wp\/v2\/types\/page"}],"author":[{"embeddable":true,"href":"https:\/\/bodegaelpoblet.com\/fr\/wp-json\/wp\/v2\/users\/1"}],"replies":[{"embeddable":true,"href":"https:\/\/bodegaelpoblet.com\/fr\/wp-json\/wp\/v2\/comments?post=232039"}],"version-history":[{"count":3,"href":"https:\/\/bodegaelpoblet.com\/fr\/wp-json\/wp\/v2\/pages\/232039\/revisions"}],"predecessor-version":[{"id":232848,"href":"https:\/\/bodegaelpoblet.com\/fr\/wp-json\/wp\/v2\/pages\/232039\/revisions\/232848"}],"wp:attachment":[{"href":"https:\/\/bodegaelpoblet.com\/fr\/wp-json\/wp\/v2\/media?parent=232039"}],"curies":[{"name":"wp","href":"https:\/\/api.w.org\/{rel}","templated":true}]}}