{"id":232099,"date":"2020-02-09T08:16:15","date_gmt":"2020-02-09T08:16:15","guid":{"rendered":"https:\/\/bodegaelpoblet.com\/avis-juridique\/"},"modified":"2020-02-14T15:56:10","modified_gmt":"2020-02-14T15:56:10","slug":"avis-juridique","status":"publish","type":"page","link":"https:\/\/bodegaelpoblet.com\/fr\/avis-juridique\/","title":{"rendered":"Avis juridique"},"content":{"rendered":"<p>[et_pb_section fb_built=\u00a0\u00bb1&Prime; _builder_version=\u00a0\u00bb4.2.2&Prime;][et_pb_row _builder_version=\u00a0\u00bb4.2.2&Prime;][et_pb_column type=\u00a0\u00bb4_4&Prime; _builder_version=\u00a0\u00bb4.2.2&Prime;][et_pb_text _builder_version=\u00a0\u00bb4.3.2&Prime; text_font=\u00a0\u00bb||||||||\u00a0\u00bb text_font_size=\u00a0\u00bb16px\u00a0\u00bb header_font=\u00a0\u00bb||||||||\u00a0\u00bb header_text_align=\u00a0\u00bbcenter\u00a0\u00bb header_text_color=\u00a0\u00bb#f1b936&Prime; header_2_font=\u00a0\u00bb||||||||\u00a0\u00bb header_2_text_align=\u00a0\u00bbcenter\u00a0\u00bb header_2_text_color=\u00a0\u00bb#323232&Prime; header_2_font_size=\u00a0\u00bb20px\u00a0\u00bb header_3_text_align=\u00a0\u00bbcenter\u00a0\u00bb header_3_font_size=\u00a0\u00bb20px\u00a0\u00bb]<\/p>\n<h1>Avis Juridique<\/h1>\n<p>&nbsp;<\/p>\n<h2>CONDITIONS G\u00c9N\u00c9RALES D&rsquo;UTILISATION DE <a href=\"https:\/\/bodegaelpoblet.com\">www.bodegaelpoblet.com<\/a><\/h2>\n<p>L&rsquo;acc\u00e8s aux contenus des sections de notre site web se fera conform\u00e9ment \u00e0 la politique \u00e9tablie par BODEGA EL POBLET (TURRENT S.A.). De m\u00eame, l&rsquo;entit\u00e9 peut modifier, \u00e0 tout moment et sans pr\u00e9avis, les informations contenues sur le site web, et par cons\u00e9quent l&rsquo;entit\u00e9 n&rsquo;est pas responsable de la mise \u00e0 jour de ces informations.<\/p>\n<h2>RESPONSABILIT\u00c9 DE BODEGA EL POBLET (TURRENT S.A.)<\/h2>\n<p>L&rsquo;acc\u00e8s \u00e0 ce site web et l&rsquo;utilisation qui peut \u00eatre faite des informations qu&rsquo;il contient rel\u00e8vent de la responsabilit\u00e9 exclusive de la personne qui le r\u00e9alise.<\/p>\n<p>BODEGA EL POBLET (TURRENT S.A.) n&rsquo;est pas responsable des cons\u00e9quences ou dommages pouvant d\u00e9couler de cet acc\u00e8s ou de cette utilisation des informations. BODEGA EL POBLET (TURRENT S.A.) n&rsquo;est pas responsable des \u00e9ventuelles erreurs de s\u00e9curit\u00e9 qui pourraient se produire ni des \u00e9ventuels dommages qui pourraient \u00eatre caus\u00e9s au syst\u00e8me informatique de l&rsquo;utilisateur (mat\u00e9riel et logiciel), aux fichiers ou aux documents qui y sont stock\u00e9s, en raison de la pr\u00e9sence d&rsquo;un virus dans l&rsquo;ordinateur de l&rsquo;utilisateur utilis\u00e9 pour se connecter aux services et aux contenus du Web, du mauvais fonctionnement du navigateur ou de l&rsquo;utilisation de versions obsol\u00e8tes du navigateur.<\/p>\n<p>Par cons\u00e9quent, l&rsquo;utilisateur accepte, express\u00e9ment et sans r\u00e9serve, que l&rsquo;acc\u00e8s et l&rsquo;utilisation du portail se fassent sous sa seule et unique responsabilit\u00e9.<\/p>\n<p>En vertu de la loi 34\/2002 du 11 juillet sur les services de la soci\u00e9t\u00e9 de l&rsquo;information et le commerce \u00e9lectronique, la l\u00e9gislation espagnole s&rsquo;applique \u00e0 tout litige qui pourrait survenir. L&rsquo;utilisateur sera responsable, dans tous les cas, de la v\u00e9racit\u00e9 des donn\u00e9es fournies, et BODEGA EL POBLET (TURRENT S.A.) se r\u00e9serve le droit d&rsquo;exclure des services enregistr\u00e9s tout utilisateur ayant fourni de fausses donn\u00e9es, sans pr\u00e9judice de toute autre action qui pourrait \u00eatre appropri\u00e9e en droit.<\/p>\n<h2>LA PROPRI\u00c9T\u00c9 INTELLECTUELLE<\/h2>\n<p>BODEGA EL POBLET (TURRENT S.A.) est propri\u00e9taire et\/ou licenci\u00e9 de toute l&rsquo;information contenue dans ce portail, de sa conception graphique, de ses images, bases de donn\u00e9es, index, codes sources, marques et logos, qui sont prot\u00e9g\u00e9s conform\u00e9ment aux dispositions de la loi sur la propri\u00e9t\u00e9 intellectuelle et de la loi sur les marques.<\/p>\n<p>Leur disponibilit\u00e9 et leur utilisation n&rsquo;impliquent en aucun cas le transfert de leur propri\u00e9t\u00e9 ou l&rsquo;octroi d&rsquo;un droit d&rsquo;utilisation en faveur de l&rsquo;Utilisateur, de sorte que toute reproduction, copie, distribution totale ou partielle, ou commercialisation, n\u00e9cessite l&rsquo;autorisation \u00e9crite pr\u00e9alable de BODEGA EL POBLET (TURRENT S.A.En cas d&rsquo;utilisation inappropri\u00e9e du site web, l&rsquo;entit\u00e9 se r\u00e9serve le droit d&rsquo;entreprendre toute action l\u00e9gale n\u00e9cessaire \u00e0 la restitution des dommages caus\u00e9s, et l&rsquo;utilisateur s&rsquo;engage \u00e9galement \u00e0 indemniser l&rsquo;entit\u00e9 pour tout dommage qui pourrait \u00eatre caus\u00e9 par l&rsquo;utilisation de ce site web en violation des pr\u00e9sentes conditions g\u00e9n\u00e9rales et\/ou de la l\u00e9gislation en vigueur.<\/p>\n<h2>LIENS, BANNI\u00c8RES<\/h2>\n<p>L&rsquo;inclusion dans le portail www.bodegaelpoblet.com de liens vers d&rsquo;autres portails est purement informative et n&rsquo;implique pas que BODEGA EL POBLET (TURRENT S.A.) recommande et\/ou garantisse ces portails, sur lesquels elle n&rsquo;exerce aucun contr\u00f4le, ni qu&rsquo;elle soit responsable de leur contenu.<\/p>\n<p>EL POBLET WINERY (TURRENT S.A.)<br \/> NIF : A-O7251754<br \/> Adresse : Caser\u00edo el Poblet 1<br \/> C.P : 46635 Lieu : Fontanars dels Alforins<br \/> Province : Valence<br \/> Courrier \u00e9lectronique : info@bodegaelpoblet.com<br \/> Inscrite au registre du commerce des \u00eeles Bal\u00e9ares, folio 118 volume 682 section 3 livre 596 page num\u00e9ro 15551\u00aa.<\/p>\n<p>[\/et_pb_text][\/et_pb_column][\/et_pb_row][\/et_pb_section]<\/p>\n","protected":false},"excerpt":{"rendered":"<p>Avis Juridique &nbsp; CONDITIONS G\u00c9N\u00c9RALES D&rsquo;UTILISATION DE www.bodegaelpoblet.com L&rsquo;acc\u00e8s aux contenus des sections de notre site web se fera conform\u00e9ment \u00e0 la politique \u00e9tablie par BODEGA EL POBLET (TURRENT S.A.). De m\u00eame, l&rsquo;entit\u00e9 peut modifier, \u00e0 tout moment et sans pr\u00e9avis, les informations contenues sur le site web, et par cons\u00e9quent l&rsquo;entit\u00e9 n&rsquo;est pas responsable [&hellip;]<\/p>\n","protected":false},"author":1,"featured_media":0,"parent":0,"menu_order":0,"comment_status":"closed","ping_status":"closed","template":"","meta":{"_et_pb_use_builder":"on","_et_pb_old_content":"","_et_gb_content_width":""},"_links":{"self":[{"href":"https:\/\/bodegaelpoblet.com\/fr\/wp-json\/wp\/v2\/pages\/232099"}],"collection":[{"href":"https:\/\/bodegaelpoblet.com\/fr\/wp-json\/wp\/v2\/pages"}],"about":[{"href":"https:\/\/bodegaelpoblet.com\/fr\/wp-json\/wp\/v2\/types\/page"}],"author":[{"embeddable":true,"href":"https:\/\/bodegaelpoblet.com\/fr\/wp-json\/wp\/v2\/users\/1"}],"replies":[{"embeddable":true,"href":"https:\/\/bodegaelpoblet.com\/fr\/wp-json\/wp\/v2\/comments?post=232099"}],"version-history":[{"count":0,"href":"https:\/\/bodegaelpoblet.com\/fr\/wp-json\/wp\/v2\/pages\/232099\/revisions"}],"wp:attachment":[{"href":"https:\/\/bodegaelpoblet.com\/fr\/wp-json\/wp\/v2\/media?parent=232099"}],"curies":[{"name":"wp","href":"https:\/\/api.w.org\/{rel}","templated":true}]}}