{"id":232124,"date":"2020-02-10T06:47:41","date_gmt":"2020-02-10T06:47:41","guid":{"rendered":"https:\/\/bodegaelpoblet.com\/politique-des-cookies\/"},"modified":"2020-02-14T15:56:30","modified_gmt":"2020-02-14T15:56:30","slug":"politique-des-cookies","status":"publish","type":"page","link":"https:\/\/bodegaelpoblet.com\/fr\/politique-des-cookies\/","title":{"rendered":"Politique des cookies"},"content":{"rendered":"<p>[et_pb_section fb_built=\u00a0\u00bb1&Prime; _builder_version=\u00a0\u00bb4.2.2&Prime;][et_pb_row _builder_version=\u00a0\u00bb4.2.2&Prime;][et_pb_column type=\u00a0\u00bb4_4&Prime; _builder_version=\u00a0\u00bb4.2.2&Prime;][et_pb_text _builder_version=\u00a0\u00bb4.3.2&Prime; text_font_size=\u00a0\u00bb16px\u00a0\u00bb header_font=\u00a0\u00bb||||||||\u00a0\u00bb header_text_align=\u00a0\u00bbcenter\u00a0\u00bb header_text_color=\u00a0\u00bb#f1b936&Prime; header_2_font=\u00a0\u00bb||||||||\u00a0\u00bb header_2_text_align=\u00a0\u00bbcenter\u00a0\u00bb header_2_text_color=\u00a0\u00bb#323232&Prime; header_2_font_size=\u00a0\u00bb22px\u00a0\u00bb header_3_text_align=\u00a0\u00bbcenter\u00a0\u00bb]<\/p>\n<h1>Politique des cookies de www.bodegaelpoblet.com<\/h1>\n<p>&nbsp;<br \/>\nIl est parfois possible que nous utilisions une technologie appel\u00e9e \u00ab\u00a0cookies\u00a0\u00bb afin de fournir une s\u00e9rie de contenus et\/ou de services de mani\u00e8re personnalis\u00e9e. Un \u00ab\u00a0cookie\u00a0\u00bb est un petit \u00e9l\u00e9ment de donn\u00e9es qu&rsquo;un site web peut envoyer au navigateur web de l&rsquo;utilisateur.<br \/>\n&nbsp;<br \/>\nCet \u00e9l\u00e9ment peut \u00e0 son tour \u00eatre stock\u00e9 sur le disque dur de l&rsquo;ordinateur de l&rsquo;utilisateur afin que nous puissions vous reconna\u00eetre lorsque vous revenez sur notre site web. En tout \u00e9tat de cause, il est toujours possible que l&rsquo;utilisateur pr\u00e9cise, dans les pr\u00e9f\u00e9rences de son programme de navigation, qu&rsquo;il souhaite recevoir un avertissement avant d&rsquo;accepter tout \u00ab\u00a0cookie\u00a0\u00bb.<br \/>\n&nbsp;<br \/>\nLes donn\u00e9es qui seront stock\u00e9es dans chaque \u00ab\u00a0cookie\u00a0\u00bb sont les suivantes : langue, date et heure de la derni\u00e8re visite de l&rsquo;utilisateur sur notre site web, conception des contenus que l&rsquo;utilisateur a choisis lors de sa premi\u00e8re visite sur notre site web et \u00e9l\u00e9ments de s\u00e9curit\u00e9 qui interviennent dans le contr\u00f4le d&rsquo;acc\u00e8s aux zones restreintes.<br \/>\n&nbsp;<\/p>\n<h2>Ce site web utilise les cookies suivants:<\/h2>\n<p>&nbsp;<\/p>\n<ul>\n\t<PHPSESSID : de bodegaelpoblet.com, de session, ils finissent \u00e0 la fin de la visite\n\t<Autres cookies des services GoogleMaps et Google Analytics\n<\/ul>\n<p>&nbsp;<br \/>\n\u00c0 partir de ce site web, nous \u00e9tudions les pr\u00e9f\u00e9rences de nos utilisateurs (caract\u00e9ristiques d\u00e9mographiques, leurs habitudes de trafic et autres informations agr\u00e9g\u00e9es pour comprendre le comportement et le profil de nos utilisateurs). Le suivi des pr\u00e9f\u00e9rences de nos utilisateurs nous aide \u00e0 am\u00e9liorer notre site et nos services.<br \/>\n&nbsp;<br \/>\nPour ce faire, nous utilisons le syst\u00e8me Google Analytics (l&rsquo;outil de Google pour mesurer la fr\u00e9quentation des sites web), qui peut stocker des cookies sur votre ordinateur pour nous aider \u00e0 recueillir des informations qui seront utilis\u00e9es uniquement \u00e0 des fins statistiques et pour \u00e9tudier le comportement des utilisateurs de notre site web. Les informations recueillies par le cookie (y compris l&rsquo;adresse IP) sont stock\u00e9es et transmises aux serveurs de Google aux \u00c9tats-Unis. Google utilisera ces informations pour compiler votre activit\u00e9 sur notre site et g\u00e9n\u00e9rer des rapports afin d&rsquo;identifier votre utilisation du site. Google peut fournir ces informations \u00e0 des tiers lorsque la loi l&rsquo;exige. En acceptant cette politique, vous acceptez l&rsquo;utilisation par Google des informations collect\u00e9es par Google Analytics.<br \/>\n&nbsp;<br \/>\nNous utilisons \u00e9galement les cookies de Google Maps pour visualiser les emplacements g\u00e9ographiques. Ces cookies sont enti\u00e8rement g\u00e9r\u00e9s par Google.<br \/>\n&nbsp;<br \/>\nVous pouvez configurer votre navigateur pour qu&rsquo;il refuse le stockage de cookies sur votre ordinateur.<\/p>\n<p>Afin de pouvoir d\u00e9sactiver les cookies des navigateurs, vous trouverez des informations sur la mani\u00e8re de le faire au cas o\u00f9 vous l&rsquo;utiliseriez comme navigateur :<\/p>\n<p>Firefox \u00e0 partir d&rsquo;ici : http:\/\/support.mozilla.org\/es\/kb\/habilitar-y-deshabilitar-cookies-que-los-sitios-we<\/p>\n<p>Chrome d&rsquo;ici : http:\/\/support.google.com\/chrome\/bin\/answer.py?hl=es&amp;answer=95647<\/p>\n<p>Explorer \u00e0 partir d&rsquo;ici : http:\/\/windows.microsoft.com\/es-es\/windows7\/how-to-manage-cookies-in-internet-explorer-9<\/p>\n<p>Safari \u00e0 partir d&rsquo;ici : http:\/\/support.apple.com\/kb\/ph5042<\/p>\n<p>Fonctionnement \u00e0 partir d&rsquo;ici : http:\/\/help.opera.com\/Windows\/11.50\/es-ES\/cookies.html[\/et_pb_text][\/et_pb_column][\/et_pb_row][\/et_pb_section]<\/p>\n","protected":false},"excerpt":{"rendered":"<p>Politique des cookies de www.bodegaelpoblet.com &nbsp; Il est parfois possible que nous utilisions une technologie appel\u00e9e \u00ab\u00a0cookies\u00a0\u00bb afin de fournir une s\u00e9rie de contenus et\/ou de services de mani\u00e8re personnalis\u00e9e. Un \u00ab\u00a0cookie\u00a0\u00bb est un petit \u00e9l\u00e9ment de donn\u00e9es qu&rsquo;un site web peut envoyer au navigateur web de l&rsquo;utilisateur. &nbsp; Cet \u00e9l\u00e9ment peut \u00e0 son tour [&hellip;]<\/p>\n","protected":false},"author":1,"featured_media":0,"parent":0,"menu_order":0,"comment_status":"closed","ping_status":"closed","template":"","meta":{"_et_pb_use_builder":"on","_et_pb_old_content":"","_et_gb_content_width":""},"_links":{"self":[{"href":"https:\/\/bodegaelpoblet.com\/fr\/wp-json\/wp\/v2\/pages\/232124"}],"collection":[{"href":"https:\/\/bodegaelpoblet.com\/fr\/wp-json\/wp\/v2\/pages"}],"about":[{"href":"https:\/\/bodegaelpoblet.com\/fr\/wp-json\/wp\/v2\/types\/page"}],"author":[{"embeddable":true,"href":"https:\/\/bodegaelpoblet.com\/fr\/wp-json\/wp\/v2\/users\/1"}],"replies":[{"embeddable":true,"href":"https:\/\/bodegaelpoblet.com\/fr\/wp-json\/wp\/v2\/comments?post=232124"}],"version-history":[{"count":0,"href":"https:\/\/bodegaelpoblet.com\/fr\/wp-json\/wp\/v2\/pages\/232124\/revisions"}],"wp:attachment":[{"href":"https:\/\/bodegaelpoblet.com\/fr\/wp-json\/wp\/v2\/media?parent=232124"}],"curies":[{"name":"wp","href":"https:\/\/api.w.org\/{rel}","templated":true}]}}