{"id":232437,"date":"2020-02-19T16:25:40","date_gmt":"2020-02-19T16:25:40","guid":{"rendered":"https:\/\/bodegaelpoblet.com\/product\/huile-dolive-extra-vierge-500-ml-pack-6\/"},"modified":"2020-09-29T18:40:42","modified_gmt":"2020-09-29T18:40:42","slug":"huile-dolive-extra-vierge-500-ml-2","status":"publish","type":"product","link":"https:\/\/bodegaelpoblet.com\/fr\/produit\/huile-dolive-extra-vierge-500-ml-2\/","title":{"rendered":"Huile d&rsquo;olive extra vierge 500 ml"},"content":{"rendered":"<p>[et_pb_section fb_built=\u00a0\u00bb1&Prime; _builder_version=\u00a0\u00bb4.2.2&Prime; custom_padding=\u00a0\u00bb||0px|||\u00a0\u00bb][et_pb_row _builder_version=\u00a0\u00bb4.2.2&Prime; custom_padding=\u00a0\u00bb0px||0px||false|false\u00a0\u00bb][et_pb_column type=\u00a0\u00bb4_4&Prime; _builder_version=\u00a0\u00bb4.2.2&Prime;][et_pb_wc_breadcrumb _builder_version=\u00a0\u00bb4.1&Prime; body_font_size=\u00a0\u00bb16px\u00a0\u00bb][\/et_pb_wc_breadcrumb][et_pb_wc_cart_notice _builder_version=\u00a0\u00bb3.0.47&Prime;][\/et_pb_wc_cart_notice][\/et_pb_column][\/et_pb_row][\/et_pb_section][et_pb_section fb_built=\u00a0\u00bb1&Prime; _builder_version=\u00a0\u00bb4.2.2&Prime;][et_pb_row column_structure=\u00a0\u00bb1_2,1_2&Prime; _builder_version=\u00a0\u00bb4.2.2&Prime; custom_padding=\u00a0\u00bb0px||||false|false\u00a0\u00bb][et_pb_column type=\u00a0\u00bb1_2&Prime; _builder_version=\u00a0\u00bb4.2.2&Prime;][et_pb_wc_images force_fullwidth=\u00a0\u00bbon\u00a0\u00bb _builder_version=\u00a0\u00bb4.2.2&Prime; background_enable_image=\u00a0\u00bboff\u00a0\u00bb custom_margin=\u00a0\u00bb0px||||false|false\u00a0\u00bb custom_margin_tablet=\u00a0\u00bb0px||||false|false\u00a0\u00bb custom_margin_phone=\u00a0\u00bb0px||||false|false\u00a0\u00bb custom_margin_last_edited=\u00a0\u00bbon|phone\u00a0\u00bb border_width_all_image=\u00a0\u00bb0px\u00a0\u00bb][\/et_pb_wc_images][\/et_pb_column][et_pb_column type=\u00a0\u00bb1_2&Prime; _builder_version=\u00a0\u00bb4.2.2&Prime;][et_pb_wc_title _builder_version=\u00a0\u00bb4.3.2&Prime; header_font=\u00a0\u00bbAmiri|700|||||||\u00a0\u00bb header_text_align=\u00a0\u00bbleft\u00a0\u00bb][\/et_pb_wc_title][et_pb_wc_description _builder_version=\u00a0\u00bb4.3.2&Prime; body_font_size=\u00a0\u00bb15px\u00a0\u00bb][\/et_pb_wc_description][et_pb_wc_price _builder_version=\u00a0\u00bb4.1&Prime; body_font=\u00a0\u00bb|700|||||||\u00a0\u00bb body_font_size=\u00a0\u00bb28px\u00a0\u00bb][\/et_pb_wc_price][et_pb_wc_add_to_cart _builder_version=\u00a0\u00bb4.1&Prime;][\/et_pb_wc_add_to_cart][et_pb_wc_meta _builder_version=\u00a0\u00bb4.2.2&Prime;][\/et_pb_wc_meta][\/et_pb_column][\/et_pb_row][et_pb_row _builder_version=\u00a0\u00bb4.3.2&Prime;][et_pb_column type=\u00a0\u00bb4_4&Prime; _builder_version=\u00a0\u00bb4.3.2&Prime;][et_pb_divider divider_weight=\u00a0\u00bb5px\u00a0\u00bb _builder_version=\u00a0\u00bb4.2.2&Prime; width=\u00a0\u00bb30%\u00a0\u00bb width_tablet=\u00a0\u00bb50%\u00a0\u00bb width_phone=\u00a0\u00bb40%\u00a0\u00bb width_last_edited=\u00a0\u00bbon|desktop\u00a0\u00bb module_alignment=\u00a0\u00bbcenter\u00a0\u00bb][\/et_pb_divider][et_pb_wc_description description_type=\u00a0\u00bbdescription\u00a0\u00bb _builder_version=\u00a0\u00bb4.3.2&Prime;][\/et_pb_wc_description][\/et_pb_column][\/et_pb_row][\/et_pb_section][et_pb_section fb_built=\u00a0\u00bb1&Prime; custom_padding_last_edited=\u00a0\u00bbon|phone\u00a0\u00bb _builder_version=\u00a0\u00bb4.2.2&Prime; background_color=\u00a0\u00bb#f7f7f7&Prime; custom_padding=\u00a0\u00bb15px||10px||false|false\u00a0\u00bb custom_padding_tablet=\u00a0\u00bb\u00a0\u00bb custom_padding_phone=\u00a0\u00bb\u00a0\u00bb][et_pb_row column_structure=\u00a0\u00bb1_3,1_3,1_3&Prime; custom_padding_last_edited=\u00a0\u00bbon|phone\u00a0\u00bb _builder_version=\u00a0\u00bb4.2.2&Prime; custom_padding=\u00a0\u00bb||||false|false\u00a0\u00bb custom_padding_tablet=\u00a0\u00bb\u00a0\u00bb custom_padding_phone=\u00a0\u00bb\u00a0\u00bb][et_pb_column type=\u00a0\u00bb1_3&Prime; _builder_version=\u00a0\u00bb4.2.2&Prime;][et_pb_blurb title=\u00a0\u00bbLIVRAISON GRATUITE!\u00a0\u00bb use_icon=\u00a0\u00bbon\u00a0\u00bb font_icon=\u00a0\u00bb%%373%%\u00a0\u00bb use_icon_font_size=\u00a0\u00bbon\u00a0\u00bb icon_font_size=\u00a0\u00bb80px\u00a0\u00bb _builder_version=\u00a0\u00bb4.3.2&Prime; header_level=\u00a0\u00bbh3&Prime; header_font=\u00a0\u00bb|600|||||||\u00a0\u00bb header_text_align=\u00a0\u00bbcenter\u00a0\u00bb header_line_height=\u00a0\u00bb1.1em\u00a0\u00bb body_font=\u00a0\u00bb||||||||\u00a0\u00bb body_text_align=\u00a0\u00bbcenter\u00a0\u00bb body_font_size=\u00a0\u00bb15px\u00a0\u00bb]Une fois le paiement confirm\u00e9, le d\u00e9lai de livraison est de 5 jours ouvrables.[\/et_pb_blurb][\/et_pb_column][et_pb_column type=\u00a0\u00bb1_3&Prime; _builder_version=\u00a0\u00bb4.2.2&Prime;][et_pb_blurb title=\u00a0\u00bbAVEZ-VOUS DES DOUTES ?\u00a0\u00bb use_icon=\u00a0\u00bbon\u00a0\u00bb font_icon=\u00a0\u00bb%%84%%\u00a0\u00bb _builder_version=\u00a0\u00bb4.2.2&Prime; header_level=\u00a0\u00bbh3&Prime; header_font=\u00a0\u00bb|600|||||||\u00a0\u00bb header_text_align=\u00a0\u00bbcenter\u00a0\u00bb body_font=\u00a0\u00bb||||||||\u00a0\u00bb body_text_align=\u00a0\u00bbcenter\u00a0\u00bb body_font_size=\u00a0\u00bb15px\u00a0\u00bb custom_margin=\u00a0\u00bb-18px||||false|false\u00a0\u00bb custom_margin_tablet=\u00a0\u00bb0px||||false|false\u00a0\u00bb custom_margin_phone=\u00a0\u00bb\u00a0\u00bb custom_margin_last_edited=\u00a0\u00bbon|desktop\u00a0\u00bb custom_padding=\u00a0\u00bb||||false|false\u00a0\u00bb]Pour tout doute ou consultation, vous pouvez nous appeler au <a href=\"tel:\/\/0034962222320\" target=\"_blank\">(+34) 962 222 320<\/a> ou nous \u00e9crire \u00e0 <a href=\"mailto:info@bodegaelpoblet.com\">info@bodegaelpoblet.com<\/a>[\/et_pb_blurb][\/et_pb_column][et_pb_column type=\u00a0\u00bb1_3&Prime; _builder_version=\u00a0\u00bb4.2.2&Prime;][et_pb_blurb title=\u00a0\u00bbS\u00c9CURISER LES PAIEMENTS\u00a0\u00bb use_icon=\u00a0\u00bbon\u00a0\u00bb font_icon=\u00a0\u00bb%%93%%\u00a0\u00bb use_icon_font_size=\u00a0\u00bbon\u00a0\u00bb icon_font_size=\u00a0\u00bb80px\u00a0\u00bb _builder_version=\u00a0\u00bb4.2.2&Prime; header_level=\u00a0\u00bbh3&Prime; header_font=\u00a0\u00bb|600|||||||\u00a0\u00bb header_text_align=\u00a0\u00bbcenter\u00a0\u00bb body_font=\u00a0\u00bb||||||||\u00a0\u00bb body_text_align=\u00a0\u00bbcenter\u00a0\u00bb body_font_size=\u00a0\u00bb15px\u00a0\u00bb]Shop prot\u00e9g\u00e9 par le <strong>protocole SSL<\/strong>.<br \/>\nPaiement par carte de cr\u00e9dit[\/et_pb_blurb][\/et_pb_column][\/et_pb_row][\/et_pb_section][et_pb_section fb_built=\u00a0\u00bb1&Prime; _builder_version=\u00a0\u00bb4.2.2&Prime;][et_pb_row _builder_version=\u00a0\u00bb4.2.2&Prime;][et_pb_column type=\u00a0\u00bb4_4&Prime; _builder_version=\u00a0\u00bb4.2.2&Prime;][et_pb_text _builder_version=\u00a0\u00bb4.2.2&Prime; text_font=\u00a0\u00bb|600|||||||\u00a0\u00bb text_text_color=\u00a0\u00bb#f1b936&Prime; text_font_size=\u00a0\u00bb30px\u00a0\u00bb text_orientation=\u00a0\u00bbcenter\u00a0\u00bb custom_margin=\u00a0\u00bb||||false|false\u00a0\u00bb custom_margin_tablet=\u00a0\u00bb\u00a0\u00bb custom_margin_phone=\u00a0\u00bb||9px||false|false\u00a0\u00bb custom_margin_last_edited=\u00a0\u00bbon|phone\u00a0\u00bb custom_padding=\u00a0\u00bb||||false|false\u00a0\u00bb custom_padding_tablet=\u00a0\u00bb\u00a0\u00bb custom_padding_phone=\u00a0\u00bb\u00a0\u00bb custom_padding_last_edited=\u00a0\u00bbon|phone\u00a0\u00bb text_font_size_tablet=\u00a0\u00bb\u00a0\u00bb text_font_size_phone=\u00a0\u00bb25px\u00a0\u00bb text_font_size_last_edited=\u00a0\u00bbon|phone\u00a0\u00bb text_line_height_tablet=\u00a0\u00bb\u00a0\u00bb text_line_height_phone=\u00a0\u00bb2em\u00a0\u00bb text_line_height_last_edited=\u00a0\u00bbon|phone\u00a0\u00bb]Vous pourriez \u00e9galement \u00eatre int\u00e9ress\u00e9 par[\/et_pb_text][et_pb_divider divider_weight=\u00a0\u00bb5px\u00a0\u00bb _builder_version=\u00a0\u00bb4.2.2&Prime; width=\u00a0\u00bb30%\u00a0\u00bb width_tablet=\u00a0\u00bb50%\u00a0\u00bb width_phone=\u00a0\u00bb40%\u00a0\u00bb width_last_edited=\u00a0\u00bbon|desktop\u00a0\u00bb module_alignment=\u00a0\u00bbcenter\u00a0\u00bb][\/et_pb_divider][\/et_pb_column][\/et_pb_row][et_pb_row column_structure=\u00a0\u00bb1_2,1_2&Prime; _builder_version=\u00a0\u00bb4.2.2&Prime; locked=\u00a0\u00bboff\u00a0\u00bb][et_pb_column type=\u00a0\u00bb1_2&Prime; _builder_version=\u00a0\u00bb4.2.2&Prime;][et_pb_image src=\u00a0\u00bbhttps:\/\/bodegaelpoblet.com\/wp-content\/uploads\/2020\/01\/Vino-Joven-Bodega-El-Poble2t.jpg\u00a0\u00bb url=\u00a0\u00bbhttps:\/\/bodegaelpoblet.com\/fr\/produit\/senorio-el-poblet-joven\/\u00a0\u00bb align=\u00a0\u00bbcenter\u00a0\u00bb _builder_version=\u00a0\u00bb4.2.2&Prime; width=\u00a0\u00bb80%\u00a0\u00bb width_tablet=\u00a0\u00bb70%\u00a0\u00bb width_phone=\u00a0\u00bb\u00a0\u00bb width_last_edited=\u00a0\u00bbon|phone\u00a0\u00bb][\/et_pb_image][et_pb_text _builder_version=\u00a0\u00bb4.2.2&Prime; text_font=\u00a0\u00bbAmiri||||||||\u00a0\u00bb text_text_color=\u00a0\u00bb#f1b936&Prime; text_font_size=\u00a0\u00bb25px\u00a0\u00bb header_2_font=\u00a0\u00bbAmiri|600|||||||\u00a0\u00bb header_2_text_align=\u00a0\u00bbcenter\u00a0\u00bb header_2_text_color=\u00a0\u00bb#f1b936&Prime; header_2_font_size=\u00a0\u00bb30px\u00a0\u00bb text_orientation=\u00a0\u00bbcenter\u00a0\u00bb custom_margin_tablet=\u00a0\u00bb||15px||false|false\u00a0\u00bb custom_margin_phone=\u00a0\u00bb||15px||false|false\u00a0\u00bb custom_margin_last_edited=\u00a0\u00bbon|phone\u00a0\u00bb link_option_url=\u00a0\u00bbhttps:\/\/bodegaelpoblet.com\/fr\/produit\/senorio-el-poblet-joven\/\u00a0\u00bb text_font_size_tablet=\u00a0\u00bb23px\u00a0\u00bb text_font_size_phone=\u00a0\u00bb20px\u00a0\u00bb text_font_size_last_edited=\u00a0\u00bbon|phone\u00a0\u00bb header_2_font_size_tablet=\u00a0\u00bb25px\u00a0\u00bb header_2_font_size_phone=\u00a0\u00bb25px\u00a0\u00bb header_2_font_size_last_edited=\u00a0\u00bbon|phone\u00a0\u00bb locked=\u00a0\u00bboff\u00a0\u00bb]<\/p>\n<p>Se\u00f1or\u00edo El Poblet<\/p>\n<h2>VINO JOVEN<\/h2>\n<p>[\/et_pb_text][et_pb_button button_url=\u00a0\u00bbhttps:\/\/bodegaelpoblet.com\/fr\/produit\/senorio-el-poblet-joven\/\u00a0\u00bb button_text=\u00a0\u00bbVoir\u00a0\u00bb button_alignment=\u00a0\u00bbcenter\u00a0\u00bb _builder_version=\u00a0\u00bb4.2.2&Prime; custom_button=\u00a0\u00bbon\u00a0\u00bb button_text_color=\u00a0\u00bb#323232&Prime; button_rel=\u00a0\u00bboff|off|off|off|off\u00a0\u00bb][\/et_pb_button][\/et_pb_column][et_pb_column type=\u00a0\u00bb1_2&Prime; _builder_version=\u00a0\u00bb4.2.2&Prime;][et_pb_image src=\u00a0\u00bbhttps:\/\/bodegaelpoblet.com\/wp-content\/uploads\/2020\/01\/Vino-Reserva-Bodega-El-Poblet.2jpg.jpg\u00a0\u00bb url=\u00a0\u00bbhttps:\/\/bodegaelpoblet.com\/fr\/produit\/senorio-el-poblet-reserva\/\u00a0\u00bb align=\u00a0\u00bbcenter\u00a0\u00bb _builder_version=\u00a0\u00bb4.2.2&Prime; width=\u00a0\u00bb80%\u00a0\u00bb width_tablet=\u00a0\u00bb70%\u00a0\u00bb width_phone=\u00a0\u00bb\u00a0\u00bb width_last_edited=\u00a0\u00bbon|phone\u00a0\u00bb][\/et_pb_image][et_pb_text _builder_version=\u00a0\u00bb4.2.2&Prime; text_font=\u00a0\u00bbAmiri||||||||\u00a0\u00bb text_text_color=\u00a0\u00bb#f1b936&Prime; text_font_size=\u00a0\u00bb25px\u00a0\u00bb header_2_font=\u00a0\u00bbAmiri|600|||||||\u00a0\u00bb header_2_text_align=\u00a0\u00bbcenter\u00a0\u00bb header_2_text_color=\u00a0\u00bb#f1b936&Prime; header_2_font_size=\u00a0\u00bb30px\u00a0\u00bb text_orientation=\u00a0\u00bbcenter\u00a0\u00bb custom_margin_tablet=\u00a0\u00bb||15px||false|false\u00a0\u00bb custom_margin_phone=\u00a0\u00bb||15px||false|false\u00a0\u00bb custom_margin_last_edited=\u00a0\u00bbon|phone\u00a0\u00bb link_option_url=\u00a0\u00bbhttps:\/\/bodegaelpoblet.com\/fr\/produit\/senorio-el-poblet-reserva\/\u00a0\u00bb text_font_size_tablet=\u00a0\u00bb23px\u00a0\u00bb text_font_size_phone=\u00a0\u00bb20px\u00a0\u00bb text_font_size_last_edited=\u00a0\u00bbon|phone\u00a0\u00bb header_2_font_size_tablet=\u00a0\u00bb25px\u00a0\u00bb header_2_font_size_phone=\u00a0\u00bb25px\u00a0\u00bb header_2_font_size_last_edited=\u00a0\u00bbon|phone\u00a0\u00bb locked=\u00a0\u00bboff\u00a0\u00bb]<\/p>\n<p>Se\u00f1or\u00edo El Poblet<\/p>\n<h2>RESERVA<\/h2>\n<p>[\/et_pb_text][et_pb_button button_url=\u00a0\u00bbhttps:\/\/bodegaelpoblet.com\/fr\/produit\/senorio-el-poblet-reserva\/\u00a0\u00bb button_text=\u00a0\u00bbVoir\u00a0\u00bb button_alignment=\u00a0\u00bbcenter\u00a0\u00bb _builder_version=\u00a0\u00bb4.2.2&Prime; custom_button=\u00a0\u00bbon\u00a0\u00bb button_text_color=\u00a0\u00bb#323232&Prime;][\/et_pb_button][\/et_pb_column][\/et_pb_row][\/et_pb_section]<\/p>\n","protected":false},"excerpt":{"rendered":"<h2>Huile biologique d&rsquo;extraction \u00e0 froid<\/h2>\n<p>Huile d&rsquo;olive vierge extra de cat\u00e9gorie sup\u00e9rieure obtenue directement \u00e0 partir d&rsquo;olives biologiques provenant du domaine d&rsquo;El Poblet uniquement par des proc\u00e9d\u00e9s m\u00e9caniques, \u00e9labor\u00e9s de mani\u00e8re traditionnelle<\/p>\n<p>L&rsquo;huile d&rsquo;olive d&rsquo;El Poblet est une huile Vierge Extra, de premi\u00e8re extraction \u00e0 froid, par des proc\u00e9d\u00e9s exclusivement m\u00e9caniques en continu \u00e9cologique. Notre huile est certifi\u00e9e biologique (num\u00e9ro CV 1464) et nos olives n&rsquo;ont jamais \u00e9t\u00e9 en contact avec des pesticides, des herbicides ou d&rsquo;autres produits non naturels.<\/p>\n<p>L&rsquo;huile d&rsquo;olive vierge et extra vierge est un pur jus de fruit naturel, sans aucun additif.<\/p>\n<p>&nbsp;<\/p>\n<h3><span style=\"color: #f1b936;\">Vari\u00e9t\u00e9 : Assemblage Picual \/ Arbequina<\/span><\/h3>\n<p>&nbsp;<\/p>\n<h3><span style=\"color: #f1b936;\">R\u00e9duction de quantit\u00e9<\/span><\/h3>\n<p>1 &#8211; 5        Bouteilles  =  <strong>11,50\u20ac<\/strong> ud<br \/>\n6 &#8211; 11      Bouteilles  =  <strong>8,11\u20ac<\/strong> ud<br \/>\n12 &#8211; 100  Bouteilles  =  <strong>6.5\u20ac<\/strong> ud<\/p>\n","protected":false},"featured_media":233062,"template":"","meta":{"_et_pb_use_builder":"on","_et_pb_old_content":"","_et_gb_content_width":""},"product_cat":[42],"product_tag":[43],"_links":{"self":[{"href":"https:\/\/bodegaelpoblet.com\/fr\/wp-json\/wp\/v2\/product\/232437"}],"collection":[{"href":"https:\/\/bodegaelpoblet.com\/fr\/wp-json\/wp\/v2\/product"}],"about":[{"href":"https:\/\/bodegaelpoblet.com\/fr\/wp-json\/wp\/v2\/types\/product"}],"wp:featuredmedia":[{"embeddable":true,"href":"https:\/\/bodegaelpoblet.com\/fr\/wp-json\/wp\/v2\/media\/233062"}],"wp:attachment":[{"href":"https:\/\/bodegaelpoblet.com\/fr\/wp-json\/wp\/v2\/media?parent=232437"}],"wp:term":[{"taxonomy":"product_cat","embeddable":true,"href":"https:\/\/bodegaelpoblet.com\/fr\/wp-json\/wp\/v2\/product_cat?post=232437"},{"taxonomy":"product_tag","embeddable":true,"href":"https:\/\/bodegaelpoblet.com\/fr\/wp-json\/wp\/v2\/product_tag?post=232437"}],"curies":[{"name":"wp","href":"https:\/\/api.w.org\/{rel}","templated":true}]}}