{"id":232618,"date":"2020-03-02T11:29:39","date_gmt":"2020-03-02T11:29:39","guid":{"rendered":"https:\/\/bodegaelpoblet.com\/?post_type=product&#038;p=232618"},"modified":"2026-05-04T11:09:46","modified_gmt":"2026-05-04T11:09:46","slug":"aceite-de-oliva-virgen-extra-500-ml-12","status":"publish","type":"product","link":"https:\/\/bodegaelpoblet.com\/fr\/producto\/aceite-de-oliva-virgen-extra-500-ml-12\/","title":{"rendered":"Aceite de Oliva Virgen Extra 500 ml"},"content":{"rendered":"<p>[et_pb_section fb_built=\u00a0\u00bb1&Prime; _builder_version=\u00a0\u00bb4.3.4&Prime; background_image=\u00a0\u00bbhttps:\/\/bodegaelpoblet.com\/wp-content\/uploads\/2020\/02\/Campos-de-uva-de-Bodega-El-Poblet_1.jpg\u00a0\u00bb custom_margin=\u00a0\u00bb||||false|false\u00a0\u00bb custom_padding=\u00a0\u00bb150px||150px||true|false\u00a0\u00bb global_colors_info=\u00a0\u00bb{}\u00a0\u00bb][et_pb_row _builder_version=\u00a0\u00bb4.2.2&Prime; global_colors_info=\u00a0\u00bb{}\u00a0\u00bb][et_pb_column type=\u00a0\u00bb4_4&Prime; _builder_version=\u00a0\u00bb4.2.2&Prime; global_colors_info=\u00a0\u00bb{}\u00a0\u00bb][et_pb_image src=\u00a0\u00bbhttps:\/\/bodegaelpoblet.com\/wp-content\/uploads\/2020\/02\/Logo-Bodega-el-Poblet-372&#215;175-1-1.png\u00a0\u00bb align=\u00a0\u00bbcenter\u00a0\u00bb _builder_version=\u00a0\u00bb4.3.4&Prime; background_color=\u00a0\u00bbrgba(255,255,255,0.64)\u00a0\u00bb width=\u00a0\u00bb40%\u00a0\u00bb width_tablet=\u00a0\u00bb65%\u00a0\u00bb width_phone=\u00a0\u00bb80%\u00a0\u00bb width_last_edited=\u00a0\u00bbon|phone\u00a0\u00bb module_alignment=\u00a0\u00bbcenter\u00a0\u00bb custom_margin=\u00a0\u00bb||||false|false\u00a0\u00bb custom_padding=\u00a0\u00bb20px|30px|20px|30px|true|true\u00a0\u00bb global_colors_info=\u00a0\u00bb{}\u00a0\u00bb width__hover_enabled=\u00a0\u00bboff|hover\u00a0\u00bb][\/et_pb_image][\/et_pb_column][\/et_pb_row][\/et_pb_section][et_pb_section fb_built=\u00a0\u00bb1&Prime; custom_padding_last_edited=\u00a0\u00bbon|phone\u00a0\u00bb _builder_version=\u00a0\u00bb4.2.2&Prime; custom_padding=\u00a0\u00bb||||false|false\u00a0\u00bb custom_padding_tablet=\u00a0\u00bb||0px||false|false\u00a0\u00bb custom_padding_phone=\u00a0\u00bb||0px||false|false\u00a0\u00bb global_colors_info=\u00a0\u00bb{}\u00a0\u00bb][et_pb_row column_structure=\u00a0\u00bb1_2,1_2&Prime; _builder_version=\u00a0\u00bb4.2.2&Prime; max_width=\u00a0\u00bb1585px\u00a0\u00bb custom_padding=\u00a0\u00bb||0px||false|false\u00a0\u00bb global_colors_info=\u00a0\u00bb{}\u00a0\u00bb][et_pb_column type=\u00a0\u00bb1_2&Prime; _builder_version=\u00a0\u00bb4.2.2&Prime; global_colors_info=\u00a0\u00bb{}\u00a0\u00bb][et_pb_text _builder_version=\u00a0\u00bb4.2.2&Prime; header_text_color=\u00a0\u00bb#f1b936&Prime; header_font_size=\u00a0\u00bb50px\u00a0\u00bb header_2_font_size=\u00a0\u00bb45px\u00a0\u00bb custom_margin=\u00a0\u00bb||20px||false|false\u00a0\u00bb custom_margin_tablet=\u00a0\u00bb-25px||||false|false\u00a0\u00bb custom_margin_phone=\u00a0\u00bb-40px||||false|false\u00a0\u00bb custom_margin_last_edited=\u00a0\u00bbon|phone\u00a0\u00bb custom_padding=\u00a0\u00bb||||false|false\u00a0\u00bb header_font_size_tablet=\u00a0\u00bb\u00a0\u00bb header_font_size_phone=\u00a0\u00bb45px\u00a0\u00bb header_font_size_last_edited=\u00a0\u00bbon|phone\u00a0\u00bb global_colors_info=\u00a0\u00bb{}\u00a0\u00bb]<\/p>\n<h1>Bodega El Poblet<\/h1>\n<h2> La Finca<\/h2>\n<p>[\/et_pb_text][et_pb_image src=\u00a0\u00bbhttps:\/\/bodegaelpoblet.com\/wp-content\/uploads\/2020\/01\/21-princi-1020&#215;680-bodega-el-poblet-vino-calidad-aceite-oliva-premiun.jpg\u00a0\u00bb disabled_on=\u00a0\u00bboff|off|on\u00a0\u00bb _builder_version=\u00a0\u00bb4.2.2&Prime; global_colors_info=\u00a0\u00bb{}\u00a0\u00bb][\/et_pb_image][et_pb_text _builder_version=\u00a0\u00bb4.2.2&Prime; text_font=\u00a0\u00bbAmiri||||||||\u00a0\u00bb text_font_size=\u00a0\u00bb20px\u00a0\u00bb global_colors_info=\u00a0\u00bb{}\u00a0\u00bb]La Finca es una propiedad que debe su nombre, El Poblet, (que significa el pueblecito), al pueblecito que rodeaba la casa principal. Esta gran mansi\u00f3n estaba de hecho pegada a algunas casas m\u00e1s peque\u00f1as, habitadas sobretodo por jornaleros que trabajaban las tierras de la finca.<\/p>\n<p>Est\u00e1 construida sobre una bodega secular y su s\u00f3tano est\u00e1 perforado por varias galer\u00edas, con tinajas de barro cocido hundidas en el suelo a cada lado, y con una capacidad de varios millares de litros cada una, las cuales se utilizaban para el envejecimiento del vino, antes de la llegada de las barricas de roble\u2026 pero eso es harina de otro costal\u2026<\/p>\n<p>Estas instalaciones son centenarias y prueban que El Poblet fue desde siempre una propiedad vin\u00edcola. La casa se encuentra rodeada por su vi\u00f1edo, su olivar y numerosos \u00e1rboles frutales. \u00a1El Poblet es independiente en abastecimiento de agua y puede de este modo vivir casi como una autarqu\u00eda!<br \/>\nLos productos de la Finca son comercializados bajo la denominaci\u00f3n \u00abSe\u00f1or\u00edo El Poblet\u00bb.[\/et_pb_text][\/et_pb_column][et_pb_column type=\u00a0\u00bb1_2&Prime; _builder_version=\u00a0\u00bb4.2.2&Prime; global_colors_info=\u00a0\u00bb{}\u00a0\u00bb][et_pb_image src=\u00a0\u00bbhttps:\/\/bodegaelpoblet.com\/wp-content\/uploads\/2020\/01\/21-princi-1020&#215;680-bodega-el-poblet-vino-calidad-aceite-oliva-premiun.jpg\u00a0\u00bb disabled_on=\u00a0\u00bbon|on|off\u00a0\u00bb _builder_version=\u00a0\u00bb4.2.2&Prime; global_colors_info=\u00a0\u00bb{}\u00a0\u00bb][\/et_pb_image][\/et_pb_column][\/et_pb_row][\/et_pb_section][et_pb_section fb_built=\u00a0\u00bb1&Prime; custom_padding_last_edited=\u00a0\u00bbon|desktop\u00a0\u00bb _builder_version=\u00a0\u00bb4.2.2&Prime; custom_padding=\u00a0\u00bb||||false|false\u00a0\u00bb custom_padding_tablet=\u00a0\u00bb0px||0px||false|false\u00a0\u00bb custom_padding_phone=\u00a0\u00bb\u00a0\u00bb global_colors_info=\u00a0\u00bb{}\u00a0\u00bb][et_pb_row column_structure=\u00a0\u00bb1_3,1_3,1_3&Prime; use_custom_gutter=\u00a0\u00bbon\u00a0\u00bb gutter_width=\u00a0\u00bb4&Prime; _builder_version=\u00a0\u00bb4.13.1&Prime; max_width=\u00a0\u00bb2100px\u00a0\u00bb custom_padding=\u00a0\u00bb|||0px||\u00a0\u00bb global_colors_info=\u00a0\u00bb{}\u00a0\u00bb][et_pb_column type=\u00a0\u00bb1_3&Prime; _builder_version=\u00a0\u00bb4.2.2&Prime; global_colors_info=\u00a0\u00bb{}\u00a0\u00bb][et_pb_cta title=\u00a0\u00bbAlojamiento  %22La Casa%22&Prime; button_url=\u00a0\u00bb@ET-DC@eyJkeW5hbWljIjp0cnVlLCJjb250ZW50IjoicG9zdF9saW5rX3VybF9wYWdlIiwic2V0dGluZ3MiOnsicG9zdF9pZCI6IjIzMjcyNSJ9fQ==@\u00a0\u00bb button_text=\u00a0\u00bbVer\u00a0\u00bb module_id=\u00a0\u00bbvinos de Fontanars\u00a0\u00bb _builder_version=\u00a0\u00bb4.13.1&Prime; _dynamic_attributes=\u00a0\u00bbbutton_url\u00a0\u00bb header_font=\u00a0\u00bb|600|||||||\u00a0\u00bb header_text_color=\u00a0\u00bb#f1b936&Prime; background_color=\u00a0\u00bbrgba(50,50,50,0.55)\u00a0\u00bb background_image=\u00a0\u00bbhttps:\/\/bodegaelpoblet.com\/wp-content\/uploads\/2022\/08\/La-casa-en-alquiler.jpg\u00a0\u00bb background_blend=\u00a0\u00bbdarken\u00a0\u00bb button_alignment=\u00a0\u00bbcenter\u00a0\u00bb custom_padding=\u00a0\u00bb75px||75px||true|false\u00a0\u00bb custom_padding_tablet=\u00a0\u00bb\u00a0\u00bb custom_padding_phone=\u00a0\u00bb\u00a0\u00bb custom_padding_last_edited=\u00a0\u00bbon|phone\u00a0\u00bb global_colors_info=\u00a0\u00bb{}\u00a0\u00bb]<\/p>\n<p><span>La Casa es nuestro alojamiento rural ubicada dentro de nuestra bodega. Rodeada de un entorno natural \u00fanico, en el que abundan bellos paisajes naturales y una paz y tranquilidad incre\u00edbles, que nos permite disfrutar de una estancia \u00fanica y maravillosa.<\/span><\/p>\n<p><span><\/span><\/p>\n<p>[\/et_pb_cta][\/et_pb_column][et_pb_column type=\u00a0\u00bb1_3&Prime; _builder_version=\u00a0\u00bb4.2.2&Prime; global_colors_info=\u00a0\u00bb{}\u00a0\u00bb][et_pb_cta title=\u00a0\u00bbAceite de oliva virgen extra\u00a0\u00bb button_url=\u00a0\u00bbhttps:\/\/bodegaelpoblet.com\/el-aceite\/\u00a0\u00bb button_text=\u00a0\u00bbVer\u00a0\u00bb module_id=\u00a0\u00bbAceite de Oliva virgen extra\u00a0\u00bb _builder_version=\u00a0\u00bb4.13.1&Prime; header_font=\u00a0\u00bb|600|||||||\u00a0\u00bb header_text_color=\u00a0\u00bb#f1b936&Prime; background_color=\u00a0\u00bbrgba(50,50,50,0.55)\u00a0\u00bb background_image=\u00a0\u00bbhttps:\/\/bodegaelpoblet.com\/wp-content\/uploads\/2020\/02\/Saco-de-olivas-Bodega-El-Poblet_1.jpg\u00a0\u00bb background_blend=\u00a0\u00bbdarken\u00a0\u00bb button_alignment=\u00a0\u00bbcenter\u00a0\u00bb custom_padding=\u00a0\u00bb58px||58px||true|false\u00a0\u00bb global_colors_info=\u00a0\u00bb{}\u00a0\u00bb]<\/p>\n<p><span>Nuestro Aceite de Oliva Virgen Extra Ecol\u00f3gico procede del cultivo controlado y que\u00a0ha obtenido el sello de Agricultura Ecol\u00f3gica de la Uni\u00f3n Europea.\u00a0 Lo convierten en un producto PREMIUM de alta calidad.<br \/>Aceite ecol\u00f3gico certificado por el Comit\u00e9 de Agricultura ecol\u00f3gica de la Comunitat Valenciana<\/span><\/p>\n<p>[\/et_pb_cta][\/et_pb_column][et_pb_column type=\u00a0\u00bb1_3&Prime; _builder_version=\u00a0\u00bb4.2.2&Prime; global_colors_info=\u00a0\u00bb{}\u00a0\u00bb][et_pb_cta title=\u00a0\u00bbVinos de Fontanars\u00a0\u00bb button_url=\u00a0\u00bbhttps:\/\/bodegaelpoblet.com\/los-vinos\/\u00a0\u00bb button_text=\u00a0\u00bbVer\u00a0\u00bb module_id=\u00a0\u00bbvinos de Fontanars\u00a0\u00bb _builder_version=\u00a0\u00bb4.13.1&Prime; header_font=\u00a0\u00bb|600|||||||\u00a0\u00bb header_text_color=\u00a0\u00bb#f1b936&Prime; background_color=\u00a0\u00bbrgba(50,50,50,0.55)\u00a0\u00bb background_image=\u00a0\u00bbhttps:\/\/bodegaelpoblet.com\/wp-content\/uploads\/2020\/02\/Bodega-El-Poblet-Secu.jpg\u00a0\u00bb background_blend=\u00a0\u00bbdarken\u00a0\u00bb button_alignment=\u00a0\u00bbcenter\u00a0\u00bb custom_padding=\u00a0\u00bb81px||81px||true|false\u00a0\u00bb custom_padding_tablet=\u00a0\u00bb\u00a0\u00bb custom_padding_phone=\u00a0\u00bb\u00a0\u00bb custom_padding_last_edited=\u00a0\u00bbon|phone\u00a0\u00bb locked=\u00a0\u00bboff\u00a0\u00bb global_colors_info=\u00a0\u00bb{}\u00a0\u00bb]<\/p>\n<p><span>Elaboramos todos nuestros vinos con uva selecta, muy pocos pueden decir lo mismo.\u00a0El resultado son unos vinos naturales, frescos, elaborados a conciencia, que reflejan todo el car\u00e1cter de nuestra tierra.<\/span><\/p>\n<p>[\/et_pb_cta][\/et_pb_column][\/et_pb_row][\/et_pb_section][et_pb_section fb_built=\u00a0\u00bb1&Prime; custom_padding_last_edited=\u00a0\u00bbon|phone\u00a0\u00bb _builder_version=\u00a0\u00bb4.2.2&Prime; custom_margin=\u00a0\u00bb||||false|false\u00a0\u00bb custom_padding=\u00a0\u00bb||||false|false\u00a0\u00bb custom_padding_tablet=\u00a0\u00bb0px||||false|false\u00a0\u00bb custom_padding_phone=\u00a0\u00bb0px||||false|false\u00a0\u00bb global_colors_info=\u00a0\u00bb{}\u00a0\u00bb][et_pb_row column_structure=\u00a0\u00bb1_2,1_2&Prime; custom_padding_last_edited=\u00a0\u00bbon|tablet\u00a0\u00bb _builder_version=\u00a0\u00bb4.2.2&Prime; max_width=\u00a0\u00bb1585px\u00a0\u00bb custom_margin=\u00a0\u00bb||||false|false\u00a0\u00bb custom_padding=\u00a0\u00bb0px||||false|false\u00a0\u00bb custom_padding_tablet=\u00a0\u00bb\u00a0\u00bb custom_padding_phone=\u00a0\u00bb\u00a0\u00bb global_colors_info=\u00a0\u00bb{}\u00a0\u00bb][et_pb_column type=\u00a0\u00bb1_2&Prime; _builder_version=\u00a0\u00bb4.2.2&Prime; global_colors_info=\u00a0\u00bb{}\u00a0\u00bb][et_pb_image src=\u00a0\u00bbhttps:\/\/bodegaelpoblet.com\/wp-content\/uploads\/2020\/02\/La-Toscama-Espa\u00f1ola.jpg\u00a0\u00bb disabled_on=\u00a0\u00bbon|on|off\u00a0\u00bb _builder_version=\u00a0\u00bb4.2.2&Prime; global_colors_info=\u00a0\u00bb{}\u00a0\u00bb][\/et_pb_image][\/et_pb_column][et_pb_column type=\u00a0\u00bb1_2&Prime; _builder_version=\u00a0\u00bb4.2.2&Prime; global_colors_info=\u00a0\u00bb{}\u00a0\u00bb][et_pb_text _builder_version=\u00a0\u00bb4.2.2&Prime; header_text_color=\u00a0\u00bb#f1b936&Prime; header_font_size=\u00a0\u00bb50px\u00a0\u00bb header_2_text_color=\u00a0\u00bb#f1b936&Prime; header_2_font_size=\u00a0\u00bb45px\u00a0\u00bb custom_margin=\u00a0\u00bb||20px||false|false\u00a0\u00bb custom_margin_tablet=\u00a0\u00bb||||false|false\u00a0\u00bb custom_margin_phone=\u00a0\u00bb||||false|false\u00a0\u00bb custom_margin_last_edited=\u00a0\u00bbon|phone\u00a0\u00bb custom_padding=\u00a0\u00bb||||false|false\u00a0\u00bb header_font_size_tablet=\u00a0\u00bb\u00a0\u00bb header_font_size_phone=\u00a0\u00bb45px\u00a0\u00bb header_font_size_last_edited=\u00a0\u00bbon|phone\u00a0\u00bb global_colors_info=\u00a0\u00bb{}\u00a0\u00bb]<\/p>\n<h2>La Toscana Espa\u00f1ola<\/h2>\n<p>[\/et_pb_text][et_pb_image src=\u00a0\u00bbhttps:\/\/bodegaelpoblet.com\/wp-content\/uploads\/2020\/02\/La-Toscama-Espa\u00f1ola.jpg\u00a0\u00bb disabled_on=\u00a0\u00bboff|off|on\u00a0\u00bb _builder_version=\u00a0\u00bb4.2.2&Prime; global_colors_info=\u00a0\u00bb{}\u00a0\u00bb][\/et_pb_image][et_pb_text _builder_version=\u00a0\u00bb4.2.2&Prime; text_font=\u00a0\u00bbAmiri||||||||\u00a0\u00bb text_font_size=\u00a0\u00bb20px\u00a0\u00bb global_colors_info=\u00a0\u00bb{}\u00a0\u00bb]<\/p>\n<p>As\u00ed se llama la comarca de Fontanars, en la provincia de Valencia, entre Castilla La Mancha al oeste y Alicante al sur.<br \/> Es un amplio valle, de tipo mediterr\u00e1neo continental, insertado entre dos sierras, la sierra Grossa y la siena de Agullent, a una altitud de 650 metros en su punto m\u00e1s bajo y m\u00e1s de 900 m en su punto culminante.<br \/> Esta situaci\u00f3n excepcional confiere a la regi\u00f3n un micro-clima \u00fanico.<\/p>\n<p> El viento dominante es el de Poniente, el cual cuando viene del oeste es muy seco puesto que ha perdido una gran parte de su humedad al atravesar toda Espa\u00f1a y sus altas sierras. Cuando el viento pasa al este, lo que no sucede a menudo, el aire m\u00e1s h\u00famedo que llega del mediterr\u00e1neo muy cercano (60 km) lleva con \u00e9l, el frescor y, en primavera y al final del oto\u00f1o, algunas lluvias. Las precipitaciones son del orden de 525 mm.<\/p>\n<p> El clima es por consiguiente en general muy seco con inviernos que pueden alcanzar temperaturas muy frescas (a veces cerca de 10 grados bajo cero por la noche) y veranos muy calurosos durante el d\u00eda pero frescos por la noche, a causa de la altura.<br \/> No se puede so\u00f1ar con mejores condiciones para la vid y el olivo.<\/p>\n<p>[\/et_pb_text][\/et_pb_column][\/et_pb_row][\/et_pb_section]<\/p>\n","protected":false},"excerpt":{"rendered":"<h2>Aceite Ecol\u00f3gico Extracci\u00f3n en Fr\u00edo<\/h2>\n<p>Aceite de oliva virgen extra de categor\u00eda superior obtenido directamente de aceitunas ecol\u00f3gicas de la finca El Poblet s\u00f3lo mediante procedimientos mec\u00e1nicos, elaborado de manera artesanal<\/p>\n<p>El aceite de oliva de El Poblet es un aceite Virgen Extra, de primera extracci\u00f3n en fr\u00edo, por procedimientos exclusivamente mec\u00e1nicos en continuo ecol\u00f3gicos. Nuestro aceite est\u00e1 certificado ecol\u00f3gico (n\u00famero CV 1464) y nuestras aceitunas nunca han estado en contacto con pesticidas, herbicidas u otros productos antinaturales.<\/p>\n<p>El aceite de oliva virgen y extra virgen es un puro zumo de fruta natural, sin ning\u00fan aditivo de ning\u00fan tipo.<\/p>\n<p>&nbsp;<\/p>\n<h3><span style=\"color: #f1b936\">Variedad: Coupage Picual \/ Arbequina<\/span><\/h3>\n","protected":false},"featured_media":233060,"template":"","meta":{"_et_pb_use_builder":"on","_et_pb_old_content":"<h2>Descripci\u00f3n del producto<\/h2>\r\nSe trata de un aceite de oliva extra potente nariz por sus distintos aromas a manzana verde hojas de tomate y r\u00e1bano negro.\r\nEn boca, una sucesi\u00f3n de aromas y sabores que aparecen progresivamente: la dulzura de la avellana con ligeros toques de mantequilla, dando paso a la hoja de tomate y a la manzana verde, para llegar a lechuga verde y r\u00e1bano negro con matices de pimienta verde.\r\nHoy las intensidades del amargo y acidez son elevadas.\r\nEl picante potente y persistente ardor apreciable en el retrogusto, revela un contenido elevado en componentes fen\u00f3licos beneficiosos para la salud.\r\nSu estructura qu\u00edmica lo hace un excelente conservante.\r\n\r\nACIDEZ: 0,32\r\nINDICIO PEROXYDOS: 1,31\r\nK270: 0,13\r\nK232: 1,51\r\n\r\nFRUTADO VERDE: MEDIO\r\nAMARGO: MEDIO\r\nPICANTE: MEDIO\r\n\r\n<strong>PREPARACI\u00d3N OPERACI\u00d3N PRELIMINAR<\/strong>\r\n\r\nBuen maridaje tanto con pan fresco como tostadas.\r\nEn pasteler\u00eda: Para aromatizar la pasta y los postres.\r\nEn marinados: Tales como el carpaccio de carne, Vieira\u2026\r\nPincelar sobre carnes a la parrilla.\r\n\r\n<strong>APLICACI\u00d3N CULINARIA<\/strong>\r\n\r\nCon verduras cocidas como tomate, zanahoria, berenjena, calabac\u00edn, con legumbres (lentejas, guisadas\u2026), con papillote de pescado azules como el salm\u00f3n, el at\u00fan o la trucha.\r\nCon tartar de carne o pescado.\r\nCon las carnes blancas y rojas (cordero, buey, cerdo\u2026) y con las f\u00e9culas como la patata, la pasta o el arroz.\r\n\r\n<strong>OPERACI\u00d3N DE ACABADO<\/strong>\r\n\r\nPulverizado sobre el queso blanco.\r\nAli\u00f1ado de pasta, arroces pescados cocidos, pizzas, tambi\u00e9n sobre verduras cocidas, al vapor o a la plancha.\r\nInspirarse en la combinaci\u00f3n de sabores m\u00e1s arriba anunciados.\r\n\r\n<strong>DE UN TIEMPO A ESTA PARTE LOS ACEITES DE OLIVA VIRGEN HAN REBASADO ESCENARIO DE LA COCINA MEDITERR\u00c1NEA<\/strong>\r\n\r\nUn juego de fruta 100% natural que desaf\u00edo el tiempo\u2026\r\nUna producci\u00f3n de la cultura mediterr\u00e1nea.\r\nCon m\u00faltiples aplicaciones: Culinarias, dom\u00e9sticas, religiosas, terap\u00e9uticas, cosm\u00e9ticas.\r\nDemostrado cient\u00edficamente su bondad para la salud. El m\u00e1s rico de los aceites en \u00e1cido oleico (AGM\u2019) y bajo en \u00e1cidos grasos saturados.\r\nEfectos: reducci\u00f3n del colesterol malo (HDL) disminuci\u00f3n del riesgo de enfermedades card\u00edacas y coronarias. Reducci\u00f3n de la hipertensi\u00f3n y del consumo de insulina para una diabetes tipo ll, ayuda a combatir la arteriosclerosis. Rico en \u00e1cidos grasos esenciales (AGPI): omega 6 y omega 3.\r\n\r\nRico en antioxidantes: Vitamina E, K, fenoles como los secoiridoides, lignanos y flavonoides.\r\nEfectos: relentizaci\u00f3n del envejecimiento cut\u00e1neo, protecci\u00f3n contra ciertos c\u00e1nceres, como el de pecho, colon o pr\u00f3stata. Ayuda en el crecimiento \u00f3seo, en una coagulaci\u00f3n sangu\u00ednea, antimicrobiano, protecci\u00f3n inflamatoria.\r\nExclusivo por la influencia de las caracter\u00edsticas de cada variedad de aceituna, del terru\u00f1o, del despliegue de medios t\u00e9cnicos, humanos y financieros.\r\nAncestral en la alimentaci\u00f3n del hombre.\r\n\r\nReconocible por su estructura, por la equilibrada combinaci\u00f3n afrutada y por su intensidad.\r\nAtractivo para la cocina por la diversidad de sus cualidades organol\u00e9pticas.\r\nPara consumo tanto en crudo como en cocinado.\r\nUtil\u00edzalo en preparaciones culinarias, aplicaciones culinarias o como acabado de platos.","_et_gb_content_width":""},"product_cat":[19],"product_tag":[],"_links":{"self":[{"href":"https:\/\/bodegaelpoblet.com\/fr\/wp-json\/wp\/v2\/product\/232618"}],"collection":[{"href":"https:\/\/bodegaelpoblet.com\/fr\/wp-json\/wp\/v2\/product"}],"about":[{"href":"https:\/\/bodegaelpoblet.com\/fr\/wp-json\/wp\/v2\/types\/product"}],"wp:featuredmedia":[{"embeddable":true,"href":"https:\/\/bodegaelpoblet.com\/fr\/wp-json\/wp\/v2\/media\/233060"}],"wp:attachment":[{"href":"https:\/\/bodegaelpoblet.com\/fr\/wp-json\/wp\/v2\/media?parent=232618"}],"wp:term":[{"taxonomy":"product_cat","embeddable":true,"href":"https:\/\/bodegaelpoblet.com\/fr\/wp-json\/wp\/v2\/product_cat?post=232618"},{"taxonomy":"product_tag","embeddable":true,"href":"https:\/\/bodegaelpoblet.com\/fr\/wp-json\/wp\/v2\/product_tag?post=232618"}],"curies":[{"name":"wp","href":"https:\/\/api.w.org\/{rel}","templated":true}]}}