{"id":232967,"date":"2024-02-02T10:29:35","date_gmt":"2024-02-02T10:29:35","guid":{"rendered":"https:\/\/bodegaelpoblet.com\/product\/huile-dolive-vierge-extra-5l\/"},"modified":"2024-02-02T10:53:17","modified_gmt":"2024-02-02T10:53:17","slug":"huile-dolive-vierge-extra-5l","status":"publish","type":"product","link":"https:\/\/bodegaelpoblet.com\/fr\/produit\/huile-dolive-vierge-extra-5l\/","title":{"rendered":"Huile d&rsquo;olive vierge extra 5L"},"content":{"rendered":"<p>[et_pb_section fb_built=\u00a0\u00bb1&Prime; _builder_version=\u00a0\u00bb4.2.2&Prime; custom_padding=\u00a0\u00bb||0px|||\u00a0\u00bb global_colors_info=\u00a0\u00bb{}\u00a0\u00bb][et_pb_row _builder_version=\u00a0\u00bb4.2.2&Prime; custom_padding=\u00a0\u00bb0px||0px||false|false\u00a0\u00bb global_colors_info=\u00a0\u00bb{}\u00a0\u00bb][et_pb_column type=\u00a0\u00bb4_4&Prime; _builder_version=\u00a0\u00bb4.2.2&Prime; global_colors_info=\u00a0\u00bb{}\u00a0\u00bb][et_pb_wc_breadcrumb _builder_version=\u00a0\u00bb4.1&Prime; body_font_size=\u00a0\u00bb16px\u00a0\u00bb global_colors_info=\u00a0\u00bb{}\u00a0\u00bb][\/et_pb_wc_breadcrumb][et_pb_wc_cart_notice _builder_version=\u00a0\u00bb3.0.47&Prime; global_colors_info=\u00a0\u00bb{}\u00a0\u00bb][\/et_pb_wc_cart_notice][\/et_pb_column][\/et_pb_row][\/et_pb_section][et_pb_section fb_built=\u00a0\u00bb1&Prime; _builder_version=\u00a0\u00bb4.2.2&Prime; global_colors_info=\u00a0\u00bb{}\u00a0\u00bb][et_pb_row column_structure=\u00a0\u00bb1_2,1_2&Prime; _builder_version=\u00a0\u00bb4.2.2&Prime; custom_padding=\u00a0\u00bb0px||||false|false\u00a0\u00bb global_colors_info=\u00a0\u00bb{}\u00a0\u00bb][et_pb_column type=\u00a0\u00bb1_2&Prime; _builder_version=\u00a0\u00bb4.2.2&Prime; global_colors_info=\u00a0\u00bb{}\u00a0\u00bb][et_pb_wc_images force_fullwidth=\u00a0\u00bbon\u00a0\u00bb _builder_version=\u00a0\u00bb4.2.2&Prime; background_enable_image=\u00a0\u00bboff\u00a0\u00bb custom_margin=\u00a0\u00bb0px||||false|false\u00a0\u00bb custom_margin_tablet=\u00a0\u00bb0px||||false|false\u00a0\u00bb custom_margin_phone=\u00a0\u00bb0px||||false|false\u00a0\u00bb custom_margin_last_edited=\u00a0\u00bbon|phone\u00a0\u00bb border_width_all_image=\u00a0\u00bb0px\u00a0\u00bb global_colors_info=\u00a0\u00bb{}\u00a0\u00bb][\/et_pb_wc_images][\/et_pb_column][et_pb_column type=\u00a0\u00bb1_2&Prime; _builder_version=\u00a0\u00bb4.2.2&Prime; global_colors_info=\u00a0\u00bb{}\u00a0\u00bb][et_pb_wc_title _builder_version=\u00a0\u00bb4.3.2&Prime; header_font=\u00a0\u00bbAmiri|700|||||||\u00a0\u00bb header_text_align=\u00a0\u00bbleft\u00a0\u00bb global_colors_info=\u00a0\u00bb{}\u00a0\u00bb][\/et_pb_wc_title][et_pb_wc_description _builder_version=\u00a0\u00bb4.3.2&Prime; body_font_size=\u00a0\u00bb15px\u00a0\u00bb global_colors_info=\u00a0\u00bb{}\u00a0\u00bb][\/et_pb_wc_description][et_pb_wc_price _builder_version=\u00a0\u00bb4.1&Prime; body_font=\u00a0\u00bb|700|||||||\u00a0\u00bb body_font_size=\u00a0\u00bb28px\u00a0\u00bb global_colors_info=\u00a0\u00bb{}\u00a0\u00bb][\/et_pb_wc_price][et_pb_wc_add_to_cart _builder_version=\u00a0\u00bb4.1&Prime; global_colors_info=\u00a0\u00bb{}\u00a0\u00bb][\/et_pb_wc_add_to_cart][et_pb_wc_meta _builder_version=\u00a0\u00bb4.2.2&Prime; global_colors_info=\u00a0\u00bb{}\u00a0\u00bb][\/et_pb_wc_meta][\/et_pb_column][\/et_pb_row][et_pb_row _builder_version=\u00a0\u00bb4.3.2&Prime; global_colors_info=\u00a0\u00bb{}\u00a0\u00bb][et_pb_column type=\u00a0\u00bb4_4&Prime; _builder_version=\u00a0\u00bb4.3.2&Prime; global_colors_info=\u00a0\u00bb{}\u00a0\u00bb][et_pb_divider divider_weight=\u00a0\u00bb5px\u00a0\u00bb _builder_version=\u00a0\u00bb4.2.2&Prime; width=\u00a0\u00bb30%\u00a0\u00bb width_tablet=\u00a0\u00bb50%\u00a0\u00bb width_phone=\u00a0\u00bb40%\u00a0\u00bb width_last_edited=\u00a0\u00bbon|desktop\u00a0\u00bb module_alignment=\u00a0\u00bbcenter\u00a0\u00bb global_colors_info=\u00a0\u00bb{}\u00a0\u00bb][\/et_pb_divider][et_pb_wc_description description_type=\u00a0\u00bbdescription\u00a0\u00bb _builder_version=\u00a0\u00bb4.3.2&Prime; global_colors_info=\u00a0\u00bb{}\u00a0\u00bb][\/et_pb_wc_description][\/et_pb_column][\/et_pb_row][\/et_pb_section][et_pb_section fb_built=\u00a0\u00bb1&Prime; custom_padding_last_edited=\u00a0\u00bbon|phone\u00a0\u00bb _builder_version=\u00a0\u00bb4.2.2&Prime; background_color=\u00a0\u00bb#f7f7f7&Prime; custom_padding=\u00a0\u00bb15px||10px||false|false\u00a0\u00bb custom_padding_tablet=\u00a0\u00bb\u00a0\u00bb custom_padding_phone=\u00a0\u00bb\u00a0\u00bb global_colors_info=\u00a0\u00bb{}\u00a0\u00bb][et_pb_row column_structure=\u00a0\u00bb1_3,1_3,1_3&Prime; custom_padding_last_edited=\u00a0\u00bbon|phone\u00a0\u00bb _builder_version=\u00a0\u00bb4.2.2&Prime; custom_padding=\u00a0\u00bb||||false|false\u00a0\u00bb custom_padding_tablet=\u00a0\u00bb\u00a0\u00bb custom_padding_phone=\u00a0\u00bb\u00a0\u00bb global_colors_info=\u00a0\u00bb{}\u00a0\u00bb][et_pb_column type=\u00a0\u00bb1_3&Prime; _builder_version=\u00a0\u00bb4.2.2&Prime; global_colors_info=\u00a0\u00bb{}\u00a0\u00bb][et_pb_blurb title=\u00a0\u00bbLIVRAISON GRATUITE!\u00a0\u00bb use_icon=\u00a0\u00bbon\u00a0\u00bb font_icon=\u00a0\u00bb&#xe60d;||divi||400&Prime; image_icon_width=\u00a0\u00bb80px\u00a0\u00bb _builder_version=\u00a0\u00bb4.13.0&Prime; header_level=\u00a0\u00bbh3&Prime; header_font=\u00a0\u00bb|600|||||||\u00a0\u00bb header_text_align=\u00a0\u00bbcenter\u00a0\u00bb header_line_height=\u00a0\u00bb1.1em\u00a0\u00bb body_font=\u00a0\u00bb||||||||\u00a0\u00bb body_text_align=\u00a0\u00bbcenter\u00a0\u00bb body_font_size=\u00a0\u00bb15px\u00a0\u00bb icon_font_size=\u00a0\u00bb80px\u00a0\u00bb global_colors_info=\u00a0\u00bb{}\u00a0\u00bb]Une fois le paiement confirm\u00e9, le d\u00e9lai de livraison est de 5 jours ouvrables.<br \/>\n[\/et_pb_blurb][\/et_pb_column][et_pb_column type=\u00a0\u00bb1_3&Prime; _builder_version=\u00a0\u00bb4.2.2&Prime; global_colors_info=\u00a0\u00bb{}\u00a0\u00bb][et_pb_blurb title=\u00a0\u00bbAVEZ-VOUS DES DOUTES ?\u00a0\u00bb use_icon=\u00a0\u00bbon\u00a0\u00bb font_icon=\u00a0\u00bb&#x75;||divi||400&Prime; _builder_version=\u00a0\u00bb4.13.0&Prime; header_level=\u00a0\u00bbh3&Prime; header_font=\u00a0\u00bb|600|||||||\u00a0\u00bb header_text_align=\u00a0\u00bbcenter\u00a0\u00bb body_font=\u00a0\u00bb||||||||\u00a0\u00bb body_text_align=\u00a0\u00bbcenter\u00a0\u00bb body_font_size=\u00a0\u00bb15px\u00a0\u00bb custom_margin=\u00a0\u00bb-18px||||false|false\u00a0\u00bb custom_margin_tablet=\u00a0\u00bb0px||||false|false\u00a0\u00bb custom_margin_phone=\u00a0\u00bb\u00a0\u00bb custom_margin_last_edited=\u00a0\u00bbon|desktop\u00a0\u00bb custom_padding=\u00a0\u00bb||||false|false\u00a0\u00bb global_colors_info=\u00a0\u00bb{}\u00a0\u00bb]Pour toute question ou demande, vous pouvez nous appeler au <a href=\"tel:\/\/0034962222320\" target=\"_blank\">(+34) 962 222 320<\/a> ou nous envoyer un e-mail \u00e0 <a href=\"mailto:info@bodegaelpoblet.com\">info@bodegaelpoblet.com<\/a>[\/et_pb_blurb][\/et_pb_column][et_pb_column type=\u00a0\u00bb1_3&Prime; _builder_version=\u00a0\u00bb4.2.2&Prime; global_colors_info=\u00a0\u00bb{}\u00a0\u00bb][et_pb_blurb title=\u00a0\u00bbS\u00c9CURISER LES PAIEMENTS\u00a0\u00bb use_icon=\u00a0\u00bbon\u00a0\u00bb font_icon=\u00a0\u00bb&#x7e;||divi||400&Prime; image_icon_width=\u00a0\u00bb80px\u00a0\u00bb _builder_version=\u00a0\u00bb4.13.0&Prime; header_level=\u00a0\u00bbh3&Prime; header_font=\u00a0\u00bb|600|||||||\u00a0\u00bb header_text_align=\u00a0\u00bbcenter\u00a0\u00bb body_font=\u00a0\u00bb||||||||\u00a0\u00bb body_text_align=\u00a0\u00bbcenter\u00a0\u00bb body_font_size=\u00a0\u00bb15px\u00a0\u00bb icon_font_size=\u00a0\u00bb80px\u00a0\u00bb global_colors_info=\u00a0\u00bb{}\u00a0\u00bb]<\/p>\n<p>Boutique prot\u00e9g\u00e9e par <strong>protocole SSL<\/strong>.<br \/>Paiement par carte de cr\u00e9dit<\/p>\n<p>[\/et_pb_blurb][\/et_pb_column][\/et_pb_row][\/et_pb_section][et_pb_section fb_built=\u00a0\u00bb1&Prime; _builder_version=\u00a0\u00bb4.2.2&Prime; global_colors_info=\u00a0\u00bb{}\u00a0\u00bb][et_pb_row _builder_version=\u00a0\u00bb4.2.2&Prime; global_colors_info=\u00a0\u00bb{}\u00a0\u00bb][et_pb_column type=\u00a0\u00bb4_4&Prime; _builder_version=\u00a0\u00bb4.2.2&Prime; global_colors_info=\u00a0\u00bb{}\u00a0\u00bb][et_pb_text _builder_version=\u00a0\u00bb4.2.2&Prime; text_font=\u00a0\u00bb|600|||||||\u00a0\u00bb text_text_color=\u00a0\u00bb#f1b936&Prime; text_font_size=\u00a0\u00bb30px\u00a0\u00bb text_orientation=\u00a0\u00bbcenter\u00a0\u00bb custom_margin=\u00a0\u00bb||||false|false\u00a0\u00bb custom_margin_tablet=\u00a0\u00bb\u00a0\u00bb custom_margin_phone=\u00a0\u00bb||9px||false|false\u00a0\u00bb custom_margin_last_edited=\u00a0\u00bbon|phone\u00a0\u00bb custom_padding=\u00a0\u00bb||||false|false\u00a0\u00bb custom_padding_tablet=\u00a0\u00bb\u00a0\u00bb custom_padding_phone=\u00a0\u00bb\u00a0\u00bb custom_padding_last_edited=\u00a0\u00bbon|phone\u00a0\u00bb text_font_size_tablet=\u00a0\u00bb\u00a0\u00bb text_font_size_phone=\u00a0\u00bb25px\u00a0\u00bb text_font_size_last_edited=\u00a0\u00bbon|phone\u00a0\u00bb text_line_height_tablet=\u00a0\u00bb\u00a0\u00bb text_line_height_phone=\u00a0\u00bb2em\u00a0\u00bb text_line_height_last_edited=\u00a0\u00bbon|phone\u00a0\u00bb global_colors_info=\u00a0\u00bb{}\u00a0\u00bb]Vous pourriez \u00e9galement \u00eatre int\u00e9ress\u00e9 par[\/et_pb_text][et_pb_divider divider_weight=\u00a0\u00bb5px\u00a0\u00bb _builder_version=\u00a0\u00bb4.2.2&Prime; width=\u00a0\u00bb30%\u00a0\u00bb width_tablet=\u00a0\u00bb50%\u00a0\u00bb width_phone=\u00a0\u00bb40%\u00a0\u00bb width_last_edited=\u00a0\u00bbon|desktop\u00a0\u00bb module_alignment=\u00a0\u00bbcenter\u00a0\u00bb global_colors_info=\u00a0\u00bb{}\u00a0\u00bb][\/et_pb_divider][\/et_pb_column][\/et_pb_row][et_pb_row column_structure=\u00a0\u00bb1_2,1_2&Prime; _builder_version=\u00a0\u00bb4.2.2&Prime; locked=\u00a0\u00bboff\u00a0\u00bb global_colors_info=\u00a0\u00bb{}\u00a0\u00bb][et_pb_column type=\u00a0\u00bb1_2&Prime; _builder_version=\u00a0\u00bb4.2.2&Prime; global_colors_info=\u00a0\u00bb{}\u00a0\u00bb][et_pb_image src=\u00a0\u00bbhttps:\/\/bodegaelpoblet.com\/wp-content\/uploads\/2020\/01\/Vino-Joven-Bodega-El-Poble2t.jpg\u00a0\u00bb url=\u00a0\u00bb&lt;p&gt;https:\/\/bodegaelpoblet.com\/en\/producto\/wine-senorio-el-poblet-joven-6\/&lt;\/p&gt;\u00a0\u00bb align=\u00a0\u00bbcenter\u00a0\u00bb _builder_version=\u00a0\u00bb4.3.2&Prime; width=\u00a0\u00bb80%\u00a0\u00bb width_tablet=\u00a0\u00bb70%\u00a0\u00bb width_phone=\u00a0\u00bb\u00a0\u00bb width_last_edited=\u00a0\u00bbon|phone\u00a0\u00bb global_colors_info=\u00a0\u00bb{}\u00a0\u00bb][\/et_pb_image][et_pb_text _builder_version=\u00a0\u00bb4.3.2&Prime; text_font=\u00a0\u00bbAmiri||||||||\u00a0\u00bb text_text_color=\u00a0\u00bb#f1b936&Prime; text_font_size=\u00a0\u00bb25px\u00a0\u00bb header_2_font=\u00a0\u00bbAmiri|600|||||||\u00a0\u00bb header_2_text_align=\u00a0\u00bbcenter\u00a0\u00bb header_2_text_color=\u00a0\u00bb#f1b936&Prime; header_2_font_size=\u00a0\u00bb30px\u00a0\u00bb text_orientation=\u00a0\u00bbcenter\u00a0\u00bb custom_margin_tablet=\u00a0\u00bb||15px||false|false\u00a0\u00bb custom_margin_phone=\u00a0\u00bb||15px||false|false\u00a0\u00bb custom_margin_last_edited=\u00a0\u00bbon|phone\u00a0\u00bb link_option_url=\u00a0\u00bb&lt;p&gt;https:\/\/bodegaelpoblet.com\/en\/producto\/wine-senorio-el-poblet-joven-6\/&lt;\/p&gt;\u00a0\u00bb text_font_size_tablet=\u00a0\u00bb23px\u00a0\u00bb text_font_size_phone=\u00a0\u00bb20px\u00a0\u00bb text_font_size_last_edited=\u00a0\u00bbon|phone\u00a0\u00bb header_2_font_size_tablet=\u00a0\u00bb25px\u00a0\u00bb header_2_font_size_phone=\u00a0\u00bb25px\u00a0\u00bb header_2_font_size_last_edited=\u00a0\u00bbon|phone\u00a0\u00bb locked=\u00a0\u00bboff\u00a0\u00bb global_colors_info=\u00a0\u00bb{}\u00a0\u00bb]<\/p>\n<p>Se\u00f1or\u00edo El Poblet<\/p>\n<h2>VIN JEUNE<\/h2>\n<p>[\/et_pb_text][et_pb_button button_url=\u00a0\u00bb&lt;p&gt;https:\/\/bodegaelpoblet.com\/en\/producto\/wine-senorio-el-poblet-joven-6\/&lt;\/p&gt;\u00a0\u00bb button_text=\u00a0\u00bbVoir\u00a0\u00bb button_alignment=\u00a0\u00bbcenter\u00a0\u00bb _builder_version=\u00a0\u00bb4.3.2&Prime; custom_button=\u00a0\u00bbon\u00a0\u00bb button_text_color=\u00a0\u00bb#323232&Prime; button_rel=\u00a0\u00bboff|off|off|off|off\u00a0\u00bb global_colors_info=\u00a0\u00bb{}\u00a0\u00bb][\/et_pb_button][\/et_pb_column][et_pb_column type=\u00a0\u00bb1_2&Prime; _builder_version=\u00a0\u00bb4.2.2&Prime; global_colors_info=\u00a0\u00bb{}\u00a0\u00bb][et_pb_image src=\u00a0\u00bbhttps:\/\/bodegaelpoblet.com\/wp-content\/uploads\/2020\/01\/Vino-Reserva-Bodega-El-Poblet.2jpg.jpg\u00a0\u00bb url=\u00a0\u00bb&lt;p&gt;https:\/\/bodegaelpoblet.com\/en\/producto\/wine-senorio-el-poblet-reserva-6\/&lt;\/p&gt;\u00a0\u00bb align=\u00a0\u00bbcenter\u00a0\u00bb _builder_version=\u00a0\u00bb4.3.2&Prime; width=\u00a0\u00bb80%\u00a0\u00bb width_tablet=\u00a0\u00bb70%\u00a0\u00bb width_phone=\u00a0\u00bb\u00a0\u00bb width_last_edited=\u00a0\u00bbon|phone\u00a0\u00bb global_colors_info=\u00a0\u00bb{}\u00a0\u00bb][\/et_pb_image][et_pb_text _builder_version=\u00a0\u00bb4.3.2&Prime; text_font=\u00a0\u00bbAmiri||||||||\u00a0\u00bb text_text_color=\u00a0\u00bb#f1b936&Prime; text_font_size=\u00a0\u00bb25px\u00a0\u00bb header_2_font=\u00a0\u00bbAmiri|600|||||||\u00a0\u00bb header_2_text_align=\u00a0\u00bbcenter\u00a0\u00bb header_2_text_color=\u00a0\u00bb#f1b936&Prime; header_2_font_size=\u00a0\u00bb30px\u00a0\u00bb text_orientation=\u00a0\u00bbcenter\u00a0\u00bb custom_margin_tablet=\u00a0\u00bb||15px||false|false\u00a0\u00bb custom_margin_phone=\u00a0\u00bb||15px||false|false\u00a0\u00bb custom_margin_last_edited=\u00a0\u00bbon|phone\u00a0\u00bb link_option_url=\u00a0\u00bb&lt;p&gt;https:\/\/bodegaelpoblet.com\/en\/producto\/wine-senorio-el-poblet-reserva-6\/&lt;\/p&gt;\u00a0\u00bb text_font_size_tablet=\u00a0\u00bb23px\u00a0\u00bb text_font_size_phone=\u00a0\u00bb20px\u00a0\u00bb text_font_size_last_edited=\u00a0\u00bbon|phone\u00a0\u00bb header_2_font_size_tablet=\u00a0\u00bb25px\u00a0\u00bb header_2_font_size_phone=\u00a0\u00bb25px\u00a0\u00bb header_2_font_size_last_edited=\u00a0\u00bbon|phone\u00a0\u00bb locked=\u00a0\u00bboff\u00a0\u00bb global_colors_info=\u00a0\u00bb{}\u00a0\u00bb]<\/p>\n<p>Se\u00f1or\u00edo El Poblet<\/p>\n<h2>R\u00c9SERVE<\/h2>\n<p>[\/et_pb_text][et_pb_button button_url=\u00a0\u00bb&lt;p&gt;https:\/\/bodegaelpoblet.com\/en\/producto\/wine-senorio-el-poblet-reserva-6\/&lt;\/p&gt;\u00a0\u00bb button_text=\u00a0\u00bbVoir\u00a0\u00bb button_alignment=\u00a0\u00bbcenter\u00a0\u00bb _builder_version=\u00a0\u00bb4.3.2&Prime; custom_button=\u00a0\u00bbon\u00a0\u00bb button_text_color=\u00a0\u00bb#323232&Prime; global_colors_info=\u00a0\u00bb{}\u00a0\u00bb][\/et_pb_button][\/et_pb_column][\/et_pb_row][\/et_pb_section]<\/p>\n","protected":false},"excerpt":{"rendered":"<h2>Huile \u00c9cologique Extraction \u00e0 Froid<\/h2>\n<p>Huile d&rsquo;olive vierge extra de haute qualit\u00e9 obtenue directement \u00e0 partir d&rsquo;olives biologiques de la propri\u00e9t\u00e9 El Poblet en utilisant exclusivement des m\u00e9thodes m\u00e9caniques, \u00e9labor\u00e9e de mani\u00e8re artisanale.<\/p>\n<p>L&rsquo;huile d&rsquo;olive d&rsquo;El Poblet est une Huile Vierge Extra, de premi\u00e8re pression \u00e0 froid, produite selon des proc\u00e9d\u00e9s m\u00e9caniques continus et \u00e9cologiques. Notre huile est certifi\u00e9e biologique (num\u00e9ro CV 1464) et nos olives n&rsquo;ont jamais \u00e9t\u00e9 en contact avec des pesticides, des herbicides ou d&rsquo;autres produits chimiques.<\/p>\n<p>L&rsquo;huile d&rsquo;olive vierge et extra vierge est le pur jus de fruit naturel, sans additifs d&rsquo;aucune sorte.<\/p>\n<p>&nbsp;<\/p>\n<h3><span style=\"color: #f1b936;\">Vari\u00e9t\u00e9 : M\u00e9lange Picual \/ Arbequina<\/span><\/h3>\n","protected":false},"featured_media":232954,"template":"","meta":{"_et_pb_use_builder":"on","_et_pb_old_content":"<h2>Description du produit<\/h2>\r\n<p>Il s'agit d'une huile d'olive extra vierge au nez puissant gr\u00e2ce \u00e0 ses diff\u00e9rents ar\u00f4mes de pomme verte, de feuilles de tomate et de radis noir. En bouche, une succession d'ar\u00f4mes et de saveurs apparaissent progressivement : la douceur de la noisette avec de l\u00e9g\u00e8res touches de beurre, laissant place \u00e0 la feuille de tomate et \u00e0 la pomme verte, pour arriver \u00e0 la laitue verte et au radis noir avec des nuances de poivre vert. Aujourd'hui, les intensit\u00e9s de l'amertume et de l'acidit\u00e9 sont \u00e9lev\u00e9es. La puissante et persistante sensation de piquant ressentie en r\u00e9tro-olfaction r\u00e9v\u00e8le une teneur \u00e9lev\u00e9e en compos\u00e9s ph\u00e9noliques b\u00e9n\u00e9fiques pour la sant\u00e9. Sa structure chimique en fait un excellent conservateur. ACIDIT\u00c9 : 0,32 INDICE DE PEROXYDES : 1,31 K270 : 0,13 K232 : 1,51 FRUIT\u00c9 VERT : MOYEN AMERTUME : MOYEN PIQUANT : MOYEN<\/p>\r\n<strong>PR\u00c9PARATION - OP\u00c9RATION PR\u00c9LIMINAIRE<\/strong>\r\n<p>Se marie bien avec du pain frais ou des toasts. En p\u00e2tisserie : pour aromatiser les p\u00e2tes et les desserts. En marinade : comme le carpaccio de viande, la coquille Saint-Jacques... \u00c0 brosser sur les viandes grill\u00e9es.<\/p>\r\n<strong>APPLICATION CULINAIRE<\/strong>\r\n<p>Avec des l\u00e9gumes cuits tels que tomate, carotte, aubergine, courgette, avec des l\u00e9gumineuses (lentilles, mijot\u00e9es...), avec des papillotes de poisson bleu comme le saumon, le thon ou la truite. Avec du tartare de viande ou de poisson. Avec des viandes blanches et rouges (agneau, b\u0153uf, porc...) et avec des f\u00e9culents comme la pomme de terre, les p\u00e2tes ou le riz.<\/p>\r\n<strong>OP\u00c9RATION DE FINITION<\/strong>\r\n<p>Pulv\u00e9ris\u00e9 sur du fromage blanc. Assaisonnement pour les p\u00e2tes, le riz, les poissons cuits, les pizzas, \u00e9galement sur les l\u00e9gumes cuits, \u00e0 la vapeur ou \u00e0 la plancha. Inspir\u00e9 par la combinaison de saveurs mentionn\u00e9e ci-dessus.<\/p>\r\n<strong>DE NOS JOURS, LES HUILES D'OLIVE VIERGES ONT D\u00c9PASS\u00c9 LE CADRE DE LA CUISINE M\u00c9DITERRAN\u00c9ENNE<\/strong>\r\n<p>Un jeu de fruits 100% naturels qui d\u00e9fie le temps... Une production de la culture m\u00e9diterran\u00e9enne. Avec de multiples applications : culinaires, domestiques, religieuses, th\u00e9rapeutiques, cosm\u00e9tiques. Sa bont\u00e9 pour la sant\u00e9 a \u00e9t\u00e9 scientifiquement prouv\u00e9e. La plus riche des huiles en acide ol\u00e9ique (AGM') et faible en acides gras satur\u00e9s. Effets : r\u00e9duction du mauvais cholest\u00e9rol (HDL), diminution du risque de maladies cardiaques et coronariennes. R\u00e9duction de l'hypertension et de la consommation d'insuline pour le diab\u00e8te de type II, aide \u00e0 combattre l'art\u00e9rioscl\u00e9rose. Riche en acides gras essentiels (AGPI) : om\u00e9ga 6 et om\u00e9ga 3. Riche en antioxydants : vitamine E, K, ph\u00e9nols tels que les s\u00e9coirido\u00efdes, les lignanes et les flavono\u00efdes. Effets : ralentissement du vieillissement cutan\u00e9, protection contre certains cancers, tels que le cancer du sein, du c\u00f4lon ou de la prostate. Aide \u00e0 la croissance osseuse, \u00e0 la coagulation sanguine, antimicrobien, protection anti-inflammatoire. Unique gr\u00e2ce \u00e0 l'influence des caract\u00e9ristiques de chaque vari\u00e9t\u00e9 d'olive, du terroir, du d\u00e9ploiement de moyens techniques, humains et financiers. Ancestral dans l'alimentation humaine. Reconnaissable par sa structure, par la combinaison fruit\u00e9e \u00e9quilibr\u00e9e et par son intensit\u00e9. Attrayant pour la cuisine en raison de la diversit\u00e9 de ses qualit\u00e9s organoleptiques. Pour une consommation aussi bien crue que cuite. Utilisez-le dans des pr\u00e9parations culinaires, des applications culinaires ou comme finition pour les plats.<\/p>","_et_gb_content_width":""},"product_cat":[42],"product_tag":[],"_links":{"self":[{"href":"https:\/\/bodegaelpoblet.com\/fr\/wp-json\/wp\/v2\/product\/232967"}],"collection":[{"href":"https:\/\/bodegaelpoblet.com\/fr\/wp-json\/wp\/v2\/product"}],"about":[{"href":"https:\/\/bodegaelpoblet.com\/fr\/wp-json\/wp\/v2\/types\/product"}],"wp:featuredmedia":[{"embeddable":true,"href":"https:\/\/bodegaelpoblet.com\/fr\/wp-json\/wp\/v2\/media\/232954"}],"wp:attachment":[{"href":"https:\/\/bodegaelpoblet.com\/fr\/wp-json\/wp\/v2\/media?parent=232967"}],"wp:term":[{"taxonomy":"product_cat","embeddable":true,"href":"https:\/\/bodegaelpoblet.com\/fr\/wp-json\/wp\/v2\/product_cat?post=232967"},{"taxonomy":"product_tag","embeddable":true,"href":"https:\/\/bodegaelpoblet.com\/fr\/wp-json\/wp\/v2\/product_tag?post=232967"}],"curies":[{"name":"wp","href":"https:\/\/api.w.org\/{rel}","templated":true}]}}